{"id":416,"date":"2020-03-22T17:50:15","date_gmt":"2020-03-22T17:50:15","guid":{"rendered":"https:\/\/taxivalenciatransfer.com\/?page_id=416"},"modified":"2022-01-23T11:08:23","modified_gmt":"2022-01-23T10:08:23","slug":"conocenos","status":"publish","type":"page","link":"https:\/\/taxivalenciatransfer.com\/index.php\/conocenos\/","title":{"rendered":"CONOCENOS"},"content":{"rendered":"<style><\/style>\t\t<div data-elementor-type=\"wp-post\" data-elementor-id=\"416\" class=\"elementor elementor-416\">\n\t\t\t\t\t\t<section class=\"elementor-section elementor-top-section elementor-element elementor-element-1f6300a9 elementor-section-boxed elementor-section-height-default elementor-section-height-default\" data-id=\"1f6300a9\" data-element_type=\"section\">\n\t\t\t\t\t\t<div class=\"elementor-container elementor-column-gap-default\">\n\t\t\t\t\t<div class=\"elementor-column elementor-col-100 elementor-top-column elementor-element elementor-element-46d5209\" data-id=\"46d5209\" data-element_type=\"column\">\n\t\t\t<div class=\"elementor-widget-wrap elementor-element-populated\">\n\t\t\t\t\t\t<div class=\"elementor-element elementor-element-d230a57 elementor-widget elementor-widget-text-editor\" data-id=\"d230a57\" data-element_type=\"widget\" data-widget_type=\"text-editor.default\">\n\t\t\t\t<div class=\"elementor-widget-container\">\n\t\t\t\t\t\t\t\t\t<h1 class=\"entry-title\"><\/h1>\n<div class=\"entry-content\">\n\nSomos un grupo de taxistas con mas de 15 a\u00f1os de experiencia en el sector y todos valencianos, lo cual, nos permite realizar nuestro trabajo con la mayor profesionalidad y diligencia tanto para realizar trayectos urbanos e interurbanos , sin la necesidad de dar rodeos ni vueltas innecesarias a nuestros clientes. Tambi\u00e9n&nbsp; nos permite conocer la ciudad de manera excelente&nbsp; tanto a nivel cultural, hist\u00f3rico como gastron\u00f3mico y de ocio ,haciendo de nuestros tours tur\u00edsticos por la ciudad una experiencia \u00fanica.\n<h3><\/h3>\nSomos conscientes de la situaci\u00f3n general que estamos viviendo a nivel econ\u00f3mico, nuestro compromiso con nuestros clientes es dar el mejor servicio al precio mas competitivo por eso tenemos los descuentos mas importantes en servicios de interurbanos y con la m\u00e1xima calidad , les ofrecemos un refresco o una botellita de agua,en este tipo de servicios. Si sumamos&nbsp; la puntualidad , la limpieza, el precio y nuestros peque\u00f1os detalles se dar\u00e1 cuenta que realmente el low cost se refiere al precio,sin mermar un \u00e1pice la calidad.\n\n<\/div>\t\t\t\t\t\t\t\t<\/div>\n\t\t\t\t<\/div>\n\t\t\t\t\t<\/div>\n\t\t<\/div>\n\t\t\t\t\t<\/div>\n\t\t<\/section>\n\t\t\t\t<section class=\"elementor-section elementor-top-section elementor-element elementor-element-d4d77f8 elementor-section-boxed elementor-section-height-default elementor-section-height-default\" data-id=\"d4d77f8\" data-element_type=\"section\">\n\t\t\t\t\t\t<div class=\"elementor-container elementor-column-gap-default\">\n\t\t\t\t\t<div class=\"elementor-column elementor-col-100 elementor-top-column elementor-element elementor-element-613154e\" data-id=\"613154e\" data-element_type=\"column\">\n\t\t\t<div class=\"elementor-widget-wrap elementor-element-populated\">\n\t\t\t\t\t\t<div class=\"elementor-element elementor-element-2c9c3d3 elementor-widget elementor-widget-image\" data-id=\"2c9c3d3\" data-element_type=\"widget\" data-widget_type=\"image.default\">\n\t\t\t\t<div class=\"elementor-widget-container\">\n\t\t\t\t\t\t\t\t\t\t\t\t\t\t\t<img fetchpriority=\"high\" decoding=\"async\" width=\"1024\" height=\"635\" src=\"https:\/\/taxivalenciatransfer.com\/wp-content\/uploads\/2020\/04\/flota-taxis-1024x635.jpg\" class=\"attachment-large size-large wp-image-1105\" alt=\"flota taxis\" srcset=\"https:\/\/taxivalenciatransfer.com\/wp-content\/uploads\/2020\/04\/flota-taxis-1024x635.jpg.webp 1024w, https:\/\/taxivalenciatransfer.com\/wp-content\/uploads\/2020\/04\/flota-taxis-scaled-600x372.jpg.webp 600w, https:\/\/taxivalenciatransfer.com\/wp-content\/uploads\/2020\/04\/flota-taxis-300x186.jpg.webp 300w, https:\/\/taxivalenciatransfer.com\/wp-content\/uploads\/2020\/04\/flota-taxis-768x476.jpg.webp 768w, https:\/\/taxivalenciatransfer.com\/wp-content\/uploads\/2020\/04\/flota-taxis-1536x952.jpg.webp 1536w, https:\/\/taxivalenciatransfer.com\/wp-content\/uploads\/2020\/04\/flota-taxis-2048x1270.jpg.webp 2048w\" sizes=\"(max-width: 1024px) 100vw, 1024px\" \/>\t\t\t\t\t\t\t\t\t\t\t\t\t\t\t<\/div>\n\t\t\t\t<\/div>\n\t\t\t\t\t<\/div>\n\t\t<\/div>\n\t\t\t\t\t<\/div>\n\t\t<\/section>\n\t\t\t\t<\/div>\n\t\t\n\n<div class=\"kk-star-ratings kksr-auto kksr-align-left kksr-valign-bottom\"\n    data-payload='{&quot;align&quot;:&quot;left&quot;,&quot;id&quot;:&quot;416&quot;,&quot;slug&quot;:&quot;default&quot;,&quot;valign&quot;:&quot;bottom&quot;,&quot;ignore&quot;:&quot;&quot;,&quot;reference&quot;:&quot;auto&quot;,&quot;class&quot;:&quot;&quot;,&quot;count&quot;:&quot;47&quot;,&quot;legendonly&quot;:&quot;&quot;,&quot;readonly&quot;:&quot;&quot;,&quot;score&quot;:&quot;3&quot;,&quot;starsonly&quot;:&quot;&quot;,&quot;best&quot;:&quot;5&quot;,&quot;gap&quot;:&quot;4&quot;,&quot;greet&quot;:&quot;Rate this page&quot;,&quot;legend&quot;:&quot;3\\\/5 - (47 votos)&quot;,&quot;size&quot;:&quot;26&quot;,&quot;title&quot;:&quot;CONOCENOS&quot;,&quot;width&quot;:&quot;88&quot;,&quot;_legend&quot;:&quot;{score}\\\/{best} - ({count} {votes})&quot;,&quot;font_factor&quot;:&quot;1.25&quot;}'>\n            \n<div class=\"kksr-stars\">\n    \n<div class=\"kksr-stars-inactive\">\n            <div class=\"kksr-star\" data-star=\"1\" style=\"padding-right: 4px\">\n            \n\n<div class=\"kksr-icon\" style=\"width: 26px; height: 26px;\"><\/div>\n        <\/div>\n            <div class=\"kksr-star\" data-star=\"2\" style=\"padding-right: 4px\">\n            \n\n<div class=\"kksr-icon\" style=\"width: 26px; height: 26px;\"><\/div>\n        <\/div>\n            <div class=\"kksr-star\" data-star=\"3\" style=\"padding-right: 4px\">\n            \n\n<div class=\"kksr-icon\" style=\"width: 26px; height: 26px;\"><\/div>\n        <\/div>\n            <div class=\"kksr-star\" data-star=\"4\" style=\"padding-right: 4px\">\n            \n\n<div class=\"kksr-icon\" style=\"width: 26px; height: 26px;\"><\/div>\n        <\/div>\n            <div class=\"kksr-star\" data-star=\"5\" style=\"padding-right: 4px\">\n            \n\n<div class=\"kksr-icon\" style=\"width: 26px; height: 26px;\"><\/div>\n        <\/div>\n    <\/div>\n    \n<div class=\"kksr-stars-active\" style=\"width: 88px;\">\n            <div class=\"kksr-star\" style=\"padding-right: 4px\">\n            \n\n<div class=\"kksr-icon\" style=\"width: 26px; height: 26px;\"><\/div>\n        <\/div>\n            <div class=\"kksr-star\" style=\"padding-right: 4px\">\n            \n\n<div class=\"kksr-icon\" style=\"width: 26px; height: 26px;\"><\/div>\n        <\/div>\n            <div class=\"kksr-star\" style=\"padding-right: 4px\">\n            \n\n<div class=\"kksr-icon\" style=\"width: 26px; height: 26px;\"><\/div>\n        <\/div>\n            <div class=\"kksr-star\" style=\"padding-right: 4px\">\n            \n\n<div class=\"kksr-icon\" style=\"width: 26px; height: 26px;\"><\/div>\n        <\/div>\n            <div class=\"kksr-star\" style=\"padding-right: 4px\">\n            \n\n<div class=\"kksr-icon\" style=\"width: 26px; height: 26px;\"><\/div>\n        <\/div>\n    <\/div>\n<\/div>\n                \n\n<div class=\"kksr-legend\" style=\"font-size: 20.8px;\">\n            3\/5 - (47 votos)    <\/div>\n    <\/div>\n","protected":false},"excerpt":{"rendered":"<p>Somos un grupo de taxistas con mas de 15 a\u00f1os de experiencia en el sector y todos valencianos, lo cual, nos permite realizar nuestro trabajo con la mayor profesionalidad y diligencia tanto para realizar trayectos urbanos e interurbanos , sin la necesidad de dar rodeos ni vueltas innecesarias a nuestros clientes. Tambi\u00e9n&nbsp; nos permite conocer &#8230; <a title=\"CONOCENOS\" class=\"read-more\" href=\"https:\/\/taxivalenciatransfer.com\/index.php\/conocenos\/\" aria-label=\"Leer m\u00e1s sobre CONOCENOS\">Leer m\u00e1s<\/a><\/p>\n","protected":false},"author":1,"featured_media":0,"parent":0,"menu_order":0,"comment_status":"closed","ping_status":"closed","template":"","meta":{"_monsterinsights_skip_tracking":false,"_monsterinsights_sitenote_active":false,"_monsterinsights_sitenote_note":"","_monsterinsights_sitenote_category":0,"footnotes":""},"class_list":["post-416","page","type-page","status-publish"],"yoast_head":"<!-- This site is optimized with the Yoast SEO plugin v27.2 - https:\/\/yoast.com\/product\/yoast-seo-wordpress\/ -->\n<title>CONOCENOS | TAXI VALENCIA TRANSFER<\/title>\n<meta name=\"robots\" content=\"index, follow, max-snippet:-1, max-image-preview:large, max-video-preview:-1\" \/>\n<link rel=\"canonical\" href=\"https:\/\/taxivalenciatransfer.com\/index.php\/conocenos\/\" \/>\n<meta property=\"og:locale\" content=\"es_ES\" \/>\n<meta property=\"og:type\" content=\"article\" \/>\n<meta property=\"og:title\" content=\"CONOCENOS | TAXI VALENCIA TRANSFER\" \/>\n<meta property=\"og:description\" content=\"Somos un grupo de taxistas con mas de 15 a\u00f1os de experiencia en el sector y todos valencianos, lo cual, nos permite realizar nuestro trabajo con la mayor profesionalidad y diligencia tanto para realizar trayectos urbanos e interurbanos , sin la necesidad de dar rodeos ni vueltas innecesarias a nuestros clientes. Tambi\u00e9n&nbsp; nos permite conocer ... Leer m\u00e1s\" \/>\n<meta property=\"og:url\" content=\"https:\/\/taxivalenciatransfer.com\/index.php\/conocenos\/\" \/>\n<meta property=\"og:site_name\" content=\"TAXI VALENCIA TRANSFER\" \/>\n<meta property=\"article:modified_time\" content=\"2022-01-23T10:08:23+00:00\" \/>\n<meta property=\"og:image\" content=\"https:\/\/taxivalenciatransfer.com\/wp-content\/uploads\/2020\/04\/flota-taxis-1024x635.jpg\" \/>\n<meta name=\"twitter:card\" content=\"summary_large_image\" \/>\n<meta name=\"twitter:label1\" content=\"Tiempo de lectura\" \/>\n\t<meta name=\"twitter:data1\" content=\"1 minuto\" \/>\n<script type=\"application\/ld+json\" class=\"yoast-schema-graph\">{\"@context\":\"https:\/\/schema.org\",\"@graph\":[{\"@type\":\"WebPage\",\"@id\":\"https:\/\/taxivalenciatransfer.com\/index.php\/conocenos\/\",\"url\":\"https:\/\/taxivalenciatransfer.com\/index.php\/conocenos\/\",\"name\":\"CONOCENOS | TAXI VALENCIA TRANSFER\",\"isPartOf\":{\"@id\":\"https:\/\/taxivalenciatransfer.com\/#website\"},\"primaryImageOfPage\":{\"@id\":\"https:\/\/taxivalenciatransfer.com\/index.php\/conocenos\/#primaryimage\"},\"image\":{\"@id\":\"https:\/\/taxivalenciatransfer.com\/index.php\/conocenos\/#primaryimage\"},\"thumbnailUrl\":\"https:\/\/taxivalenciatransfer.com\/wp-content\/uploads\/2020\/04\/flota-taxis-1024x635.jpg\",\"datePublished\":\"2020-03-22T17:50:15+00:00\",\"dateModified\":\"2022-01-23T10:08:23+00:00\",\"breadcrumb\":{\"@id\":\"https:\/\/taxivalenciatransfer.com\/index.php\/conocenos\/#breadcrumb\"},\"inLanguage\":\"es\",\"potentialAction\":[{\"@type\":\"ReadAction\",\"target\":[\"https:\/\/taxivalenciatransfer.com\/index.php\/conocenos\/\"]}]},{\"@type\":\"ImageObject\",\"inLanguage\":\"es\",\"@id\":\"https:\/\/taxivalenciatransfer.com\/index.php\/conocenos\/#primaryimage\",\"url\":\"https:\/\/taxivalenciatransfer.com\/wp-content\/uploads\/2020\/04\/flota-taxis-scaled.jpg\",\"contentUrl\":\"https:\/\/taxivalenciatransfer.com\/wp-content\/uploads\/2020\/04\/flota-taxis-scaled.jpg\",\"width\":2560,\"height\":1587,\"caption\":\"flota taxis\"},{\"@type\":\"BreadcrumbList\",\"@id\":\"https:\/\/taxivalenciatransfer.com\/index.php\/conocenos\/#breadcrumb\",\"itemListElement\":[{\"@type\":\"ListItem\",\"position\":1,\"name\":\"Portada\",\"item\":\"https:\/\/taxivalenciatransfer.com\/\"},{\"@type\":\"ListItem\",\"position\":2,\"name\":\"CONOCENOS\"}]},{\"@type\":\"WebSite\",\"@id\":\"https:\/\/taxivalenciatransfer.com\/#website\",\"url\":\"https:\/\/taxivalenciatransfer.com\/\",\"name\":\"TAXI VALENCIA TRANSFER\",\"description\":\"Taxi Valencia aeropuerto, traslados todos los destinos con grandes descuentos\",\"publisher\":{\"@id\":\"https:\/\/taxivalenciatransfer.com\/#organization\"},\"potentialAction\":[{\"@type\":\"SearchAction\",\"target\":{\"@type\":\"EntryPoint\",\"urlTemplate\":\"https:\/\/taxivalenciatransfer.com\/?s={search_term_string}\"},\"query-input\":{\"@type\":\"PropertyValueSpecification\",\"valueRequired\":true,\"valueName\":\"search_term_string\"}}],\"inLanguage\":\"es\"},{\"@type\":\"Organization\",\"@id\":\"https:\/\/taxivalenciatransfer.com\/#organization\",\"name\":\"TAXIVALENCIATRANSFER\",\"url\":\"https:\/\/taxivalenciatransfer.com\/\",\"logo\":{\"@type\":\"ImageObject\",\"inLanguage\":\"es\",\"@id\":\"https:\/\/taxivalenciatransfer.com\/#\/schema\/logo\/image\/\",\"url\":\"https:\/\/taxivalenciatransfer.com\/wp-content\/uploads\/2019\/03\/logo.png\",\"contentUrl\":\"https:\/\/taxivalenciatransfer.com\/wp-content\/uploads\/2019\/03\/logo.png\",\"width\":256,\"height\":256,\"caption\":\"TAXIVALENCIATRANSFER\"},\"image\":{\"@id\":\"https:\/\/taxivalenciatransfer.com\/#\/schema\/logo\/image\/\"}}]}<\/script>\n<!-- \/ Yoast SEO plugin. -->","yoast_head_json":{"title":"CONOCENOS | TAXI VALENCIA TRANSFER","robots":{"index":"index","follow":"follow","max-snippet":"max-snippet:-1","max-image-preview":"max-image-preview:large","max-video-preview":"max-video-preview:-1"},"canonical":"https:\/\/taxivalenciatransfer.com\/index.php\/conocenos\/","og_locale":"es_ES","og_type":"article","og_title":"CONOCENOS | TAXI VALENCIA TRANSFER","og_description":"Somos un grupo de taxistas con mas de 15 a\u00f1os de experiencia en el sector y todos valencianos, lo cual, nos permite realizar nuestro trabajo con la mayor profesionalidad y diligencia tanto para realizar trayectos urbanos e interurbanos , sin la necesidad de dar rodeos ni vueltas innecesarias a nuestros clientes. Tambi\u00e9n&nbsp; nos permite conocer ... Leer m\u00e1s","og_url":"https:\/\/taxivalenciatransfer.com\/index.php\/conocenos\/","og_site_name":"TAXI VALENCIA TRANSFER","article_modified_time":"2022-01-23T10:08:23+00:00","og_image":[{"url":"https:\/\/taxivalenciatransfer.com\/wp-content\/uploads\/2020\/04\/flota-taxis-1024x635.jpg","type":"","width":"","height":""}],"twitter_card":"summary_large_image","twitter_misc":{"Tiempo de lectura":"1 minuto"},"schema":{"@context":"https:\/\/schema.org","@graph":[{"@type":"WebPage","@id":"https:\/\/taxivalenciatransfer.com\/index.php\/conocenos\/","url":"https:\/\/taxivalenciatransfer.com\/index.php\/conocenos\/","name":"CONOCENOS | TAXI VALENCIA TRANSFER","isPartOf":{"@id":"https:\/\/taxivalenciatransfer.com\/#website"},"primaryImageOfPage":{"@id":"https:\/\/taxivalenciatransfer.com\/index.php\/conocenos\/#primaryimage"},"image":{"@id":"https:\/\/taxivalenciatransfer.com\/index.php\/conocenos\/#primaryimage"},"thumbnailUrl":"https:\/\/taxivalenciatransfer.com\/wp-content\/uploads\/2020\/04\/flota-taxis-1024x635.jpg","datePublished":"2020-03-22T17:50:15+00:00","dateModified":"2022-01-23T10:08:23+00:00","breadcrumb":{"@id":"https:\/\/taxivalenciatransfer.com\/index.php\/conocenos\/#breadcrumb"},"inLanguage":"es","potentialAction":[{"@type":"ReadAction","target":["https:\/\/taxivalenciatransfer.com\/index.php\/conocenos\/"]}]},{"@type":"ImageObject","inLanguage":"es","@id":"https:\/\/taxivalenciatransfer.com\/index.php\/conocenos\/#primaryimage","url":"https:\/\/taxivalenciatransfer.com\/wp-content\/uploads\/2020\/04\/flota-taxis-scaled.jpg","contentUrl":"https:\/\/taxivalenciatransfer.com\/wp-content\/uploads\/2020\/04\/flota-taxis-scaled.jpg","width":2560,"height":1587,"caption":"flota taxis"},{"@type":"BreadcrumbList","@id":"https:\/\/taxivalenciatransfer.com\/index.php\/conocenos\/#breadcrumb","itemListElement":[{"@type":"ListItem","position":1,"name":"Portada","item":"https:\/\/taxivalenciatransfer.com\/"},{"@type":"ListItem","position":2,"name":"CONOCENOS"}]},{"@type":"WebSite","@id":"https:\/\/taxivalenciatransfer.com\/#website","url":"https:\/\/taxivalenciatransfer.com\/","name":"TAXI VALENCIA TRANSFER","description":"Taxi Valencia aeropuerto, traslados todos los destinos con grandes descuentos","publisher":{"@id":"https:\/\/taxivalenciatransfer.com\/#organization"},"potentialAction":[{"@type":"SearchAction","target":{"@type":"EntryPoint","urlTemplate":"https:\/\/taxivalenciatransfer.com\/?s={search_term_string}"},"query-input":{"@type":"PropertyValueSpecification","valueRequired":true,"valueName":"search_term_string"}}],"inLanguage":"es"},{"@type":"Organization","@id":"https:\/\/taxivalenciatransfer.com\/#organization","name":"TAXIVALENCIATRANSFER","url":"https:\/\/taxivalenciatransfer.com\/","logo":{"@type":"ImageObject","inLanguage":"es","@id":"https:\/\/taxivalenciatransfer.com\/#\/schema\/logo\/image\/","url":"https:\/\/taxivalenciatransfer.com\/wp-content\/uploads\/2019\/03\/logo.png","contentUrl":"https:\/\/taxivalenciatransfer.com\/wp-content\/uploads\/2019\/03\/logo.png","width":256,"height":256,"caption":"TAXIVALENCIATRANSFER"},"image":{"@id":"https:\/\/taxivalenciatransfer.com\/#\/schema\/logo\/image\/"}}]}},"_links":{"self":[{"href":"https:\/\/taxivalenciatransfer.com\/index.php\/wp-json\/wp\/v2\/pages\/416","targetHints":{"allow":["GET"]}}],"collection":[{"href":"https:\/\/taxivalenciatransfer.com\/index.php\/wp-json\/wp\/v2\/pages"}],"about":[{"href":"https:\/\/taxivalenciatransfer.com\/index.php\/wp-json\/wp\/v2\/types\/page"}],"author":[{"embeddable":true,"href":"https:\/\/taxivalenciatransfer.com\/index.php\/wp-json\/wp\/v2\/users\/1"}],"replies":[{"embeddable":true,"href":"https:\/\/taxivalenciatransfer.com\/index.php\/wp-json\/wp\/v2\/comments?post=416"}],"version-history":[{"count":6,"href":"https:\/\/taxivalenciatransfer.com\/index.php\/wp-json\/wp\/v2\/pages\/416\/revisions"}],"predecessor-version":[{"id":8984,"href":"https:\/\/taxivalenciatransfer.com\/index.php\/wp-json\/wp\/v2\/pages\/416\/revisions\/8984"}],"wp:attachment":[{"href":"https:\/\/taxivalenciatransfer.com\/index.php\/wp-json\/wp\/v2\/media?parent=416"}],"curies":[{"name":"wp","href":"https:\/\/api.w.org\/{rel}","templated":true}]}}