{"id":2784,"date":"2021-02-12T17:08:33","date_gmt":"2021-02-12T17:08:33","guid":{"rendered":"https:\/\/taxivalenciatransfer.com\/?page_id=2784"},"modified":"2021-02-12T17:13:24","modified_gmt":"2021-02-12T17:13:24","slug":"cockies-politik","status":"publish","type":"page","link":"https:\/\/taxivalenciatransfer.com\/index.php\/de\/cockies-politik\/","title":{"rendered":"COCKIES-POLITIK"},"content":{"rendered":"<style><\/style>\t\t<div data-elementor-type=\"wp-page\" data-elementor-id=\"2784\" class=\"elementor elementor-2784\">\n\t\t\t\t\t\t<section class=\"elementor-section elementor-top-section elementor-element elementor-element-97cf7e9 elementor-section-boxed elementor-section-height-default elementor-section-height-default\" data-id=\"97cf7e9\" data-element_type=\"section\">\n\t\t\t\t\t\t<div class=\"elementor-container elementor-column-gap-default\">\n\t\t\t\t\t<div class=\"elementor-column elementor-col-100 elementor-top-column elementor-element elementor-element-08fe782\" data-id=\"08fe782\" data-element_type=\"column\">\n\t\t\t<div class=\"elementor-widget-wrap elementor-element-populated\">\n\t\t\t\t\t\t<div class=\"elementor-element elementor-element-c81504a elementor-widget elementor-widget-text-editor\" data-id=\"c81504a\" data-element_type=\"widget\" data-widget_type=\"text-editor.default\">\n\t\t\t\t<div class=\"elementor-widget-container\">\n\t\t\t\t\t\t\t\t\t<p>COCKIES-POLITIK<br \/>Ein Cookie ist eine kleine Textdatei, die in Ihrem Browser gespeichert wird, wenn Sie fast jede Webseite besuchen. Es ist n\u00fctzlich, dass sich das Web an Ihren Besuch erinnern kann, wenn Sie zur\u00fcckkehren, um diese Seite zu durchsuchen. Cookies speichern normalerweise Informationen technischer Art, pers\u00f6nliche Vorlieben, Personalisierung von Inhalten, Nutzungsstatistiken, Links zu sozialen Netzwerken, Zugriff auf Benutzerkonten usw. Der Zweck des Cookies besteht darin, den Inhalt des Webs an Ihr Profil und Ihre Bed\u00fcrfnisse anzupassen. Ohne Cookies w\u00fcrden die von einer Seite angebotenen Dienste erheblich reduziert. Wenn Sie weitere Informationen dar\u00fcber erhalten m\u00f6chten, was Cookies sind, was sie speichern, wie Sie sie entfernen, deaktivieren usw., gehen Sie bitte auf diesen Link.<\/p><p>Auf dieser Website verwendete Cookies<br \/>Gem\u00e4\u00df den Richtlinien der spanischen Datenschutzbeh\u00f6rde werden wir die Verwendung der auf dieser Website erstellten Cookies detailliert beschreiben, um Sie so genau wie m\u00f6glich zu informieren.<\/p><p>Diese Website verwendet die folgenden eigenen Cookies:<\/p><p>Sitzungscookies, um sicherzustellen, dass Benutzer, die Kommentare im Blog schreiben, menschliche und keine automatisierten Anwendungen sind. Auf diese Weise wird Spam bek\u00e4mpft.<br \/>Diese Website verwendet die folgenden Cookies von Drittanbietern:<\/p><p>Google Analytics: Speichert Cookies, um Statistiken \u00fcber den Verkehr und das Volumen der Besuche auf dieser Website erstellen zu k\u00f6nnen. Durch die Nutzung dieser Website stimmen Sie der Verarbeitung von Informationen \u00fcber Sie durch Google zu. Daher muss die Aus\u00fcbung eines Rechts in dieser Hinsicht durch direkte Kommunikation mit Google erfolgen.<br \/>Soziale Netzwerke: Jedes soziale Netzwerk verwendet seine eigenen Cookies, damit Sie auf Schaltfl\u00e4chen wie \u00abGef\u00e4llt mir\u00bb oder \u00abTeilen\u00bb klicken k\u00f6nnen.<br \/>Deaktivierung oder Eliminierung von Cookies<br \/>Sie k\u00f6nnen jederzeit von Ihrem Recht Gebrauch machen, Cookies von dieser Website zu deaktivieren oder zu entfernen. Diese Aktionen werden je nach verwendetem Browser unterschiedlich ausgef\u00fchrt. Hier finden Sie eine Kurzanleitung zu den beliebtesten Browsern.<\/p><p>Zus\u00e4tzliche Bemerkungen<br \/>Weder diese Website noch ihre gesetzlichen Vertreter sind f\u00fcr den Inhalt oder die Richtigkeit der Datenschutzrichtlinien verantwortlich, die die in dieser Cookie-Richtlinie genannten Dritten m\u00f6glicherweise haben.<br \/>Webbrowser sind die Tools, die f\u00fcr das Speichern von Cookies zust\u00e4ndig sind. Von diesem Ort aus m\u00fcssen Sie Ihr Recht aus\u00fcben, diese zu entfernen oder zu deaktivieren. Weder diese Website noch ihre gesetzlichen Vertreter k\u00f6nnen den korrekten oder falschen Umgang mit Cookies durch die oben genannten Browser garantieren.<br \/>In einigen F\u00e4llen m\u00fcssen Cookies installiert werden, damit der Browser Ihre Entscheidung, sie nicht zu akzeptieren, nicht vergisst.<br \/>Im Fall von Google Analytics-Cookies speichert dieses Unternehmen Cookies auf Servern in den USA und verpflichtet sich, diese nicht an Dritte weiterzugeben, es sei denn, dies ist f\u00fcr den Betrieb des Systems erforderlich oder gesetzlich vorgeschrieben ein Effekt. Laut Google wird Ihre IP-Adresse nicht gespeichert. Google Inc. ist ein Unternehmen, das die Safe-Harbor-Vereinbarung einh\u00e4lt, die garantiert, dass alle \u00fcbertragenen Daten gem\u00e4\u00df den europ\u00e4ischen Vorschriften mit einem gewissen Schutzniveau behandelt werden. Detaillierte Informationen hierzu finden Sie unter diesem Link. Wenn Sie Informationen \u00fcber die Verwendung von Cookies durch Google w\u00fcnschen, f\u00fcgen wir diesen anderen Link hinzu.<br \/>Bei Fragen oder Anregungen zu dieser Cookie-Richtlinie z\u00f6gern Sie nicht, uns \u00fcber den Kontaktbereich zu kontaktieren.<\/p>\t\t\t\t\t\t\t\t<\/div>\n\t\t\t\t<\/div>\n\t\t\t\t\t<\/div>\n\t\t<\/div>\n\t\t\t\t\t<\/div>\n\t\t<\/section>\n\t\t\t\t<\/div>\n\t\t\n\n<div class=\"kk-star-ratings kksr-auto kksr-align-left kksr-valign-bottom\"\n    data-payload='{&quot;align&quot;:&quot;left&quot;,&quot;id&quot;:&quot;2784&quot;,&quot;slug&quot;:&quot;default&quot;,&quot;valign&quot;:&quot;bottom&quot;,&quot;ignore&quot;:&quot;&quot;,&quot;reference&quot;:&quot;auto&quot;,&quot;class&quot;:&quot;&quot;,&quot;count&quot;:&quot;0&quot;,&quot;legendonly&quot;:&quot;&quot;,&quot;readonly&quot;:&quot;&quot;,&quot;score&quot;:&quot;0&quot;,&quot;starsonly&quot;:&quot;&quot;,&quot;best&quot;:&quot;5&quot;,&quot;gap&quot;:&quot;4&quot;,&quot;greet&quot;:&quot;Rate this page&quot;,&quot;legend&quot;:&quot;0\\\/5 - (0 votos)&quot;,&quot;size&quot;:&quot;26&quot;,&quot;title&quot;:&quot;COCKIES-POLITIK&quot;,&quot;width&quot;:&quot;0&quot;,&quot;_legend&quot;:&quot;{score}\\\/{best} - ({count} {votes})&quot;,&quot;font_factor&quot;:&quot;1.25&quot;}'>\n            \n<div class=\"kksr-stars\">\n    \n<div class=\"kksr-stars-inactive\">\n            <div class=\"kksr-star\" data-star=\"1\" style=\"padding-right: 4px\">\n            \n\n<div class=\"kksr-icon\" style=\"width: 26px; height: 26px;\"><\/div>\n        <\/div>\n            <div class=\"kksr-star\" data-star=\"2\" style=\"padding-right: 4px\">\n            \n\n<div class=\"kksr-icon\" style=\"width: 26px; height: 26px;\"><\/div>\n        <\/div>\n            <div class=\"kksr-star\" data-star=\"3\" style=\"padding-right: 4px\">\n            \n\n<div class=\"kksr-icon\" style=\"width: 26px; height: 26px;\"><\/div>\n        <\/div>\n            <div class=\"kksr-star\" data-star=\"4\" style=\"padding-right: 4px\">\n            \n\n<div class=\"kksr-icon\" style=\"width: 26px; height: 26px;\"><\/div>\n        <\/div>\n            <div class=\"kksr-star\" data-star=\"5\" style=\"padding-right: 4px\">\n            \n\n<div class=\"kksr-icon\" style=\"width: 26px; height: 26px;\"><\/div>\n        <\/div>\n    <\/div>\n    \n<div class=\"kksr-stars-active\" style=\"width: 0px;\">\n            <div class=\"kksr-star\" style=\"padding-right: 4px\">\n            \n\n<div class=\"kksr-icon\" style=\"width: 26px; height: 26px;\"><\/div>\n        <\/div>\n            <div class=\"kksr-star\" style=\"padding-right: 4px\">\n            \n\n<div class=\"kksr-icon\" style=\"width: 26px; height: 26px;\"><\/div>\n        <\/div>\n            <div class=\"kksr-star\" style=\"padding-right: 4px\">\n            \n\n<div class=\"kksr-icon\" style=\"width: 26px; height: 26px;\"><\/div>\n        <\/div>\n            <div class=\"kksr-star\" style=\"padding-right: 4px\">\n            \n\n<div class=\"kksr-icon\" style=\"width: 26px; height: 26px;\"><\/div>\n        <\/div>\n            <div class=\"kksr-star\" style=\"padding-right: 4px\">\n            \n\n<div class=\"kksr-icon\" style=\"width: 26px; height: 26px;\"><\/div>\n        <\/div>\n    <\/div>\n<\/div>\n                \n\n<div class=\"kksr-legend\" style=\"font-size: 20.8px;\">\n            <span class=\"kksr-muted\">Rate this page<\/span>\n    <\/div>\n    <\/div>\n","protected":false},"excerpt":{"rendered":"<p>COCKIES-POLITIK Ein Cookie ist eine kleine Textdatei, die in Ihrem Browser gespeichert wird, wenn Sie fast jede Webseite besuchen. Es ist n\u00fctzlich, dass sich das Web an Ihren Besuch erinnern kann, wenn Sie zur\u00fcckkehren, um diese Seite zu durchsuchen. Cookies speichern normalerweise Informationen technischer Art, pers\u00f6nliche Vorlieben, Personalisierung von Inhalten, Nutzungsstatistiken, Links zu sozialen Netzwerken, &#8230; <a title=\"COCKIES-POLITIK\" class=\"read-more\" href=\"https:\/\/taxivalenciatransfer.com\/index.php\/de\/cockies-politik\/\" aria-label=\"Leer m\u00e1s sobre COCKIES-POLITIK\">Leer m\u00e1s<\/a><\/p>\n","protected":false},"author":1,"featured_media":0,"parent":0,"menu_order":0,"comment_status":"closed","ping_status":"closed","template":"","meta":{"_monsterinsights_skip_tracking":false,"_monsterinsights_sitenote_active":false,"_monsterinsights_sitenote_note":"","_monsterinsights_sitenote_category":0,"footnotes":""},"class_list":["post-2784","page","type-page","status-publish"],"yoast_head":"<!-- This site is optimized with the Yoast SEO plugin v27.2 - https:\/\/yoast.com\/product\/yoast-seo-wordpress\/ -->\n<title>COCKIES-POLITIK | TAXI VALENCIA TRANSFER<\/title>\n<meta name=\"robots\" content=\"index, follow, max-snippet:-1, max-image-preview:large, max-video-preview:-1\" \/>\n<link rel=\"canonical\" href=\"https:\/\/taxivalenciatransfer.com\/index.php\/de\/cockies-politik\/\" \/>\n<meta property=\"og:locale\" content=\"es_ES\" \/>\n<meta property=\"og:type\" content=\"article\" \/>\n<meta property=\"og:title\" content=\"COCKIES-POLITIK | TAXI VALENCIA TRANSFER\" \/>\n<meta property=\"og:description\" content=\"COCKIES-POLITIK Ein Cookie ist eine kleine Textdatei, die in Ihrem Browser gespeichert wird, wenn Sie fast jede Webseite besuchen. Es ist n\u00fctzlich, dass sich das Web an Ihren Besuch erinnern kann, wenn Sie zur\u00fcckkehren, um diese Seite zu durchsuchen. Cookies speichern normalerweise Informationen technischer Art, pers\u00f6nliche Vorlieben, Personalisierung von Inhalten, Nutzungsstatistiken, Links zu sozialen Netzwerken, ... Leer m\u00e1s\" \/>\n<meta property=\"og:url\" content=\"https:\/\/taxivalenciatransfer.com\/index.php\/de\/cockies-politik\/\" \/>\n<meta property=\"og:site_name\" content=\"TAXI VALENCIA TRANSFER\" \/>\n<meta property=\"article:modified_time\" content=\"2021-02-12T17:13:24+00:00\" \/>\n<meta name=\"twitter:card\" content=\"summary_large_image\" \/>\n<meta name=\"twitter:label1\" content=\"Tiempo de lectura\" \/>\n\t<meta name=\"twitter:data1\" content=\"3 minutos\" \/>\n<script type=\"application\/ld+json\" class=\"yoast-schema-graph\">{\"@context\":\"https:\/\/schema.org\",\"@graph\":[{\"@type\":\"WebPage\",\"@id\":\"https:\/\/taxivalenciatransfer.com\/index.php\/de\/cockies-politik\/\",\"url\":\"https:\/\/taxivalenciatransfer.com\/index.php\/de\/cockies-politik\/\",\"name\":\"COCKIES-POLITIK | TAXI VALENCIA TRANSFER\",\"isPartOf\":{\"@id\":\"https:\/\/taxivalenciatransfer.com\/#website\"},\"datePublished\":\"2021-02-12T17:08:33+00:00\",\"dateModified\":\"2021-02-12T17:13:24+00:00\",\"breadcrumb\":{\"@id\":\"https:\/\/taxivalenciatransfer.com\/index.php\/de\/cockies-politik\/#breadcrumb\"},\"inLanguage\":\"es\",\"potentialAction\":[{\"@type\":\"ReadAction\",\"target\":[\"https:\/\/taxivalenciatransfer.com\/index.php\/de\/cockies-politik\/\"]}]},{\"@type\":\"BreadcrumbList\",\"@id\":\"https:\/\/taxivalenciatransfer.com\/index.php\/de\/cockies-politik\/#breadcrumb\",\"itemListElement\":[{\"@type\":\"ListItem\",\"position\":1,\"name\":\"Portada\",\"item\":\"https:\/\/taxivalenciatransfer.com\/\"},{\"@type\":\"ListItem\",\"position\":2,\"name\":\"COCKIES-POLITIK\"}]},{\"@type\":\"WebSite\",\"@id\":\"https:\/\/taxivalenciatransfer.com\/#website\",\"url\":\"https:\/\/taxivalenciatransfer.com\/\",\"name\":\"TAXI VALENCIA TRANSFER\",\"description\":\"Taxi Valencia aeropuerto, traslados todos los destinos con grandes descuentos\",\"publisher\":{\"@id\":\"https:\/\/taxivalenciatransfer.com\/#organization\"},\"potentialAction\":[{\"@type\":\"SearchAction\",\"target\":{\"@type\":\"EntryPoint\",\"urlTemplate\":\"https:\/\/taxivalenciatransfer.com\/?s={search_term_string}\"},\"query-input\":{\"@type\":\"PropertyValueSpecification\",\"valueRequired\":true,\"valueName\":\"search_term_string\"}}],\"inLanguage\":\"es\"},{\"@type\":\"Organization\",\"@id\":\"https:\/\/taxivalenciatransfer.com\/#organization\",\"name\":\"TAXIVALENCIATRANSFER\",\"url\":\"https:\/\/taxivalenciatransfer.com\/\",\"logo\":{\"@type\":\"ImageObject\",\"inLanguage\":\"es\",\"@id\":\"https:\/\/taxivalenciatransfer.com\/#\/schema\/logo\/image\/\",\"url\":\"https:\/\/taxivalenciatransfer.com\/wp-content\/uploads\/2019\/03\/logo.png\",\"contentUrl\":\"https:\/\/taxivalenciatransfer.com\/wp-content\/uploads\/2019\/03\/logo.png\",\"width\":256,\"height\":256,\"caption\":\"TAXIVALENCIATRANSFER\"},\"image\":{\"@id\":\"https:\/\/taxivalenciatransfer.com\/#\/schema\/logo\/image\/\"}}]}<\/script>\n<!-- \/ Yoast SEO plugin. -->","yoast_head_json":{"title":"COCKIES-POLITIK | TAXI VALENCIA TRANSFER","robots":{"index":"index","follow":"follow","max-snippet":"max-snippet:-1","max-image-preview":"max-image-preview:large","max-video-preview":"max-video-preview:-1"},"canonical":"https:\/\/taxivalenciatransfer.com\/index.php\/de\/cockies-politik\/","og_locale":"es_ES","og_type":"article","og_title":"COCKIES-POLITIK | TAXI VALENCIA TRANSFER","og_description":"COCKIES-POLITIK Ein Cookie ist eine kleine Textdatei, die in Ihrem Browser gespeichert wird, wenn Sie fast jede Webseite besuchen. Es ist n\u00fctzlich, dass sich das Web an Ihren Besuch erinnern kann, wenn Sie zur\u00fcckkehren, um diese Seite zu durchsuchen. Cookies speichern normalerweise Informationen technischer Art, pers\u00f6nliche Vorlieben, Personalisierung von Inhalten, Nutzungsstatistiken, Links zu sozialen Netzwerken, ... Leer m\u00e1s","og_url":"https:\/\/taxivalenciatransfer.com\/index.php\/de\/cockies-politik\/","og_site_name":"TAXI VALENCIA TRANSFER","article_modified_time":"2021-02-12T17:13:24+00:00","twitter_card":"summary_large_image","twitter_misc":{"Tiempo de lectura":"3 minutos"},"schema":{"@context":"https:\/\/schema.org","@graph":[{"@type":"WebPage","@id":"https:\/\/taxivalenciatransfer.com\/index.php\/de\/cockies-politik\/","url":"https:\/\/taxivalenciatransfer.com\/index.php\/de\/cockies-politik\/","name":"COCKIES-POLITIK | TAXI VALENCIA TRANSFER","isPartOf":{"@id":"https:\/\/taxivalenciatransfer.com\/#website"},"datePublished":"2021-02-12T17:08:33+00:00","dateModified":"2021-02-12T17:13:24+00:00","breadcrumb":{"@id":"https:\/\/taxivalenciatransfer.com\/index.php\/de\/cockies-politik\/#breadcrumb"},"inLanguage":"es","potentialAction":[{"@type":"ReadAction","target":["https:\/\/taxivalenciatransfer.com\/index.php\/de\/cockies-politik\/"]}]},{"@type":"BreadcrumbList","@id":"https:\/\/taxivalenciatransfer.com\/index.php\/de\/cockies-politik\/#breadcrumb","itemListElement":[{"@type":"ListItem","position":1,"name":"Portada","item":"https:\/\/taxivalenciatransfer.com\/"},{"@type":"ListItem","position":2,"name":"COCKIES-POLITIK"}]},{"@type":"WebSite","@id":"https:\/\/taxivalenciatransfer.com\/#website","url":"https:\/\/taxivalenciatransfer.com\/","name":"TAXI VALENCIA TRANSFER","description":"Taxi Valencia aeropuerto, traslados todos los destinos con grandes descuentos","publisher":{"@id":"https:\/\/taxivalenciatransfer.com\/#organization"},"potentialAction":[{"@type":"SearchAction","target":{"@type":"EntryPoint","urlTemplate":"https:\/\/taxivalenciatransfer.com\/?s={search_term_string}"},"query-input":{"@type":"PropertyValueSpecification","valueRequired":true,"valueName":"search_term_string"}}],"inLanguage":"es"},{"@type":"Organization","@id":"https:\/\/taxivalenciatransfer.com\/#organization","name":"TAXIVALENCIATRANSFER","url":"https:\/\/taxivalenciatransfer.com\/","logo":{"@type":"ImageObject","inLanguage":"es","@id":"https:\/\/taxivalenciatransfer.com\/#\/schema\/logo\/image\/","url":"https:\/\/taxivalenciatransfer.com\/wp-content\/uploads\/2019\/03\/logo.png","contentUrl":"https:\/\/taxivalenciatransfer.com\/wp-content\/uploads\/2019\/03\/logo.png","width":256,"height":256,"caption":"TAXIVALENCIATRANSFER"},"image":{"@id":"https:\/\/taxivalenciatransfer.com\/#\/schema\/logo\/image\/"}}]}},"_links":{"self":[{"href":"https:\/\/taxivalenciatransfer.com\/index.php\/wp-json\/wp\/v2\/pages\/2784","targetHints":{"allow":["GET"]}}],"collection":[{"href":"https:\/\/taxivalenciatransfer.com\/index.php\/wp-json\/wp\/v2\/pages"}],"about":[{"href":"https:\/\/taxivalenciatransfer.com\/index.php\/wp-json\/wp\/v2\/types\/page"}],"author":[{"embeddable":true,"href":"https:\/\/taxivalenciatransfer.com\/index.php\/wp-json\/wp\/v2\/users\/1"}],"replies":[{"embeddable":true,"href":"https:\/\/taxivalenciatransfer.com\/index.php\/wp-json\/wp\/v2\/comments?post=2784"}],"version-history":[{"count":3,"href":"https:\/\/taxivalenciatransfer.com\/index.php\/wp-json\/wp\/v2\/pages\/2784\/revisions"}],"predecessor-version":[{"id":2787,"href":"https:\/\/taxivalenciatransfer.com\/index.php\/wp-json\/wp\/v2\/pages\/2784\/revisions\/2787"}],"wp:attachment":[{"href":"https:\/\/taxivalenciatransfer.com\/index.php\/wp-json\/wp\/v2\/media?parent=2784"}],"curies":[{"name":"wp","href":"https:\/\/api.w.org\/{rel}","templated":true}]}}