{"id":2780,"date":"2021-02-12T17:06:07","date_gmt":"2021-02-12T17:06:07","guid":{"rendered":"https:\/\/taxivalenciatransfer.com\/?page_id=2780"},"modified":"2021-02-12T17:07:36","modified_gmt":"2021-02-12T17:07:36","slug":"politique-des-cockies","status":"publish","type":"page","link":"https:\/\/taxivalenciatransfer.com\/index.php\/fr\/politique-des-cockies\/","title":{"rendered":"POLITIQUE DES COCKIES"},"content":{"rendered":"<style><\/style>\t\t<div data-elementor-type=\"wp-page\" data-elementor-id=\"2780\" class=\"elementor elementor-2780\">\n\t\t\t\t\t\t<section class=\"elementor-section elementor-top-section elementor-element elementor-element-97cf7e9 elementor-section-boxed elementor-section-height-default elementor-section-height-default\" data-id=\"97cf7e9\" data-element_type=\"section\">\n\t\t\t\t\t\t<div class=\"elementor-container elementor-column-gap-default\">\n\t\t\t\t\t<div class=\"elementor-column elementor-col-100 elementor-top-column elementor-element elementor-element-08fe782\" data-id=\"08fe782\" data-element_type=\"column\">\n\t\t\t<div class=\"elementor-widget-wrap elementor-element-populated\">\n\t\t\t\t\t\t<div class=\"elementor-element elementor-element-c81504a elementor-widget elementor-widget-text-editor\" data-id=\"c81504a\" data-element_type=\"widget\" data-widget_type=\"text-editor.default\">\n\t\t\t\t<div class=\"elementor-widget-container\">\n\t\t\t\t\t\t\t\t\t<p>POLITIQUE DES COCKIES<br \/>Un cookie est un petit fichier texte qui est stock\u00e9 dans votre navigateur lorsque vous visitez presque toutes les pages Web. Son utilit\u00e9 est que le Web peut se souvenir de votre visite lorsque vous revenez sur cette page. Les cookies stockent g\u00e9n\u00e9ralement des informations de nature technique, des pr\u00e9f\u00e9rences personnelles, la personnalisation du contenu, des statistiques d&#8217;utilisation, des liens vers les r\u00e9seaux sociaux, l&#8217;acc\u00e8s aux comptes d&#8217;utilisateurs, etc. Le but du cookie est d&#8217;adapter le contenu du Web \u00e0 votre profil et \u00e0 vos besoins, sans cookies, les services offerts par n&#8217;importe quelle page seraient consid\u00e9rablement r\u00e9duits. Si vous souhaitez consulter plus d&#8217;informations sur ce que sont les cookies, ce qu&#8217;ils stockent, comment les \u00e9liminer, les d\u00e9sactiver, etc., veuillez vous rendre sur ce lien.<\/p><p>Cookies utilis\u00e9s sur ce site<br \/>En suivant les directives de l&#8217;Agence espagnole de protection des donn\u00e9es, nous proc\u00e9dons au d\u00e9tail de l&#8217;utilisation des cookies effectu\u00e9s par ce site Web afin de vous informer le plus pr\u00e9cis\u00e9ment possible.<\/p><p>Ce site Web utilise les propres cookies suivants:<\/p><p>Cookies de session, pour s&#8217;assurer que les utilisateurs qui \u00e9crivent des commentaires sur le blog sont des applications humaines et non automatis\u00e9es. De cette mani\u00e8re, le spam est combattu.<br \/>Ce site Web utilise les cookies tiers suivants:<\/p><p>Google Analytics: stocke des cookies pour pouvoir compiler des statistiques sur le trafic et le volume de visites sur ce site. En utilisant ce site Web, vous consentez au traitement des informations vous concernant par Google. Par cons\u00e9quent, l&#8217;exercice de tout droit \u00e0 cet \u00e9gard doit se faire en communiquant directement avec Google.<br \/>R\u00e9seaux sociaux: chaque r\u00e9seau social utilise ses propres cookies afin que vous puissiez cliquer sur des boutons tels que J&#8217;aime ou Partager.<br \/>D\u00e9sactivation ou \u00e9limination des cookies<br \/>\u00c0 tout moment, vous pouvez exercer votre droit de d\u00e9sactiver ou d&#8217;\u00e9liminer les cookies de ce site Web. Ces actions sont ex\u00e9cut\u00e9es diff\u00e9remment selon le navigateur que vous utilisez. Voici un guide rapide des navigateurs les plus populaires.<\/p><p>Notes compl\u00e9mentaires<br \/>Ni ce site Web ni ses repr\u00e9sentants l\u00e9gaux ne sont responsables du contenu ou de la v\u00e9racit\u00e9 des politiques de confidentialit\u00e9 que les tiers mentionn\u00e9s dans cette politique de cookies peuvent avoir.<br \/>Les navigateurs Web sont les outils charg\u00e9s de stocker les cookies et \u00e0 partir de cet endroit, vous devez exercer votre droit de les \u00e9liminer ou de les d\u00e9sactiver. Ni ce site Web ni ses repr\u00e9sentants l\u00e9gaux ne peuvent garantir le traitement correct ou incorrect des cookies par les navigateurs susmentionn\u00e9s.<br \/>Dans certains cas, il est n\u00e9cessaire d&#8217;installer des cookies afin que le navigateur n&#8217;oublie pas votre d\u00e9cision de ne pas les accepter.<br \/>Dans le cas des cookies de Google Analytics, cette soci\u00e9t\u00e9 stocke des cookies sur des serveurs situ\u00e9s aux \u00c9tats-Unis et s&#8217;engage \u00e0 ne pas les partager avec des tiers, sauf dans les cas o\u00f9 cela est n\u00e9cessaire au fonctionnement du syst\u00e8me ou lorsque la loi les oblige \u00e0 un tel un effet. Selon Google, il n&#8217;enregistre pas votre adresse IP. Google Inc. est une soci\u00e9t\u00e9 adh\u00e9rant \u00e0 l&#8217;accord Safe Harbor qui garantit que toutes les donn\u00e9es transf\u00e9r\u00e9es seront trait\u00e9es avec un niveau de protection conforme \u00e0 la r\u00e9glementation europ\u00e9enne. Vous pouvez consulter des informations d\u00e9taill\u00e9es \u00e0 ce sujet sur ce lien. Si vous souhaitez des informations sur l&#8217;utilisation que Google donne aux cookies, nous joignons cet autre lien.<br \/>Pour toute question ou demande concernant cette politique de cookies, n&#8217;h\u00e9sitez pas \u00e0 nous contacter via la section contact.<\/p>\t\t\t\t\t\t\t\t<\/div>\n\t\t\t\t<\/div>\n\t\t\t\t\t<\/div>\n\t\t<\/div>\n\t\t\t\t\t<\/div>\n\t\t<\/section>\n\t\t\t\t<\/div>\n\t\t\n\n<div class=\"kk-star-ratings kksr-auto kksr-align-left kksr-valign-bottom\"\n    data-payload='{&quot;align&quot;:&quot;left&quot;,&quot;id&quot;:&quot;2780&quot;,&quot;slug&quot;:&quot;default&quot;,&quot;valign&quot;:&quot;bottom&quot;,&quot;ignore&quot;:&quot;&quot;,&quot;reference&quot;:&quot;auto&quot;,&quot;class&quot;:&quot;&quot;,&quot;count&quot;:&quot;0&quot;,&quot;legendonly&quot;:&quot;&quot;,&quot;readonly&quot;:&quot;&quot;,&quot;score&quot;:&quot;0&quot;,&quot;starsonly&quot;:&quot;&quot;,&quot;best&quot;:&quot;5&quot;,&quot;gap&quot;:&quot;4&quot;,&quot;greet&quot;:&quot;Rate this page&quot;,&quot;legend&quot;:&quot;0\\\/5 - (0 votos)&quot;,&quot;size&quot;:&quot;26&quot;,&quot;title&quot;:&quot;POLITIQUE DES COCKIES&quot;,&quot;width&quot;:&quot;0&quot;,&quot;_legend&quot;:&quot;{score}\\\/{best} - ({count} {votes})&quot;,&quot;font_factor&quot;:&quot;1.25&quot;}'>\n            \n<div class=\"kksr-stars\">\n    \n<div class=\"kksr-stars-inactive\">\n            <div class=\"kksr-star\" data-star=\"1\" style=\"padding-right: 4px\">\n            \n\n<div class=\"kksr-icon\" style=\"width: 26px; height: 26px;\"><\/div>\n        <\/div>\n            <div class=\"kksr-star\" data-star=\"2\" style=\"padding-right: 4px\">\n            \n\n<div class=\"kksr-icon\" style=\"width: 26px; height: 26px;\"><\/div>\n        <\/div>\n            <div class=\"kksr-star\" data-star=\"3\" style=\"padding-right: 4px\">\n            \n\n<div class=\"kksr-icon\" style=\"width: 26px; height: 26px;\"><\/div>\n        <\/div>\n            <div class=\"kksr-star\" data-star=\"4\" style=\"padding-right: 4px\">\n            \n\n<div class=\"kksr-icon\" style=\"width: 26px; height: 26px;\"><\/div>\n        <\/div>\n            <div class=\"kksr-star\" data-star=\"5\" style=\"padding-right: 4px\">\n            \n\n<div class=\"kksr-icon\" style=\"width: 26px; height: 26px;\"><\/div>\n        <\/div>\n    <\/div>\n    \n<div class=\"kksr-stars-active\" style=\"width: 0px;\">\n            <div class=\"kksr-star\" style=\"padding-right: 4px\">\n            \n\n<div class=\"kksr-icon\" style=\"width: 26px; height: 26px;\"><\/div>\n        <\/div>\n            <div class=\"kksr-star\" style=\"padding-right: 4px\">\n            \n\n<div class=\"kksr-icon\" style=\"width: 26px; height: 26px;\"><\/div>\n        <\/div>\n            <div class=\"kksr-star\" style=\"padding-right: 4px\">\n            \n\n<div class=\"kksr-icon\" style=\"width: 26px; height: 26px;\"><\/div>\n        <\/div>\n            <div class=\"kksr-star\" style=\"padding-right: 4px\">\n            \n\n<div class=\"kksr-icon\" style=\"width: 26px; height: 26px;\"><\/div>\n        <\/div>\n            <div class=\"kksr-star\" style=\"padding-right: 4px\">\n            \n\n<div class=\"kksr-icon\" style=\"width: 26px; height: 26px;\"><\/div>\n        <\/div>\n    <\/div>\n<\/div>\n                \n\n<div class=\"kksr-legend\" style=\"font-size: 20.8px;\">\n            <span class=\"kksr-muted\">Rate this page<\/span>\n    <\/div>\n    <\/div>\n","protected":false},"excerpt":{"rendered":"<p>POLITIQUE DES COCKIES Un cookie est un petit fichier texte qui est stock\u00e9 dans votre navigateur lorsque vous visitez presque toutes les pages Web. Son utilit\u00e9 est que le Web peut se souvenir de votre visite lorsque vous revenez sur cette page. Les cookies stockent g\u00e9n\u00e9ralement des informations de nature technique, des pr\u00e9f\u00e9rences personnelles, la &#8230; <a title=\"POLITIQUE DES COCKIES\" class=\"read-more\" href=\"https:\/\/taxivalenciatransfer.com\/index.php\/fr\/politique-des-cockies\/\" aria-label=\"Leer m\u00e1s sobre POLITIQUE DES COCKIES\">Leer m\u00e1s<\/a><\/p>\n","protected":false},"author":1,"featured_media":0,"parent":0,"menu_order":0,"comment_status":"closed","ping_status":"closed","template":"","meta":{"_monsterinsights_skip_tracking":false,"_monsterinsights_sitenote_active":false,"_monsterinsights_sitenote_note":"","_monsterinsights_sitenote_category":0,"footnotes":""},"class_list":["post-2780","page","type-page","status-publish"],"yoast_head":"<!-- This site is optimized with the Yoast SEO plugin v27.2 - https:\/\/yoast.com\/product\/yoast-seo-wordpress\/ -->\n<title>POLITIQUE DES COCKIES | TAXI VALENCIA TRANSFER<\/title>\n<meta name=\"robots\" content=\"index, follow, max-snippet:-1, max-image-preview:large, max-video-preview:-1\" \/>\n<link rel=\"canonical\" href=\"https:\/\/taxivalenciatransfer.com\/index.php\/fr\/politique-des-cockies\/\" \/>\n<meta property=\"og:locale\" content=\"es_ES\" \/>\n<meta property=\"og:type\" content=\"article\" \/>\n<meta property=\"og:title\" content=\"POLITIQUE DES COCKIES | TAXI VALENCIA TRANSFER\" \/>\n<meta property=\"og:description\" content=\"POLITIQUE DES COCKIES Un cookie est un petit fichier texte qui est stock\u00e9 dans votre navigateur lorsque vous visitez presque toutes les pages Web. Son utilit\u00e9 est que le Web peut se souvenir de votre visite lorsque vous revenez sur cette page. Les cookies stockent g\u00e9n\u00e9ralement des informations de nature technique, des pr\u00e9f\u00e9rences personnelles, la ... Leer m\u00e1s\" \/>\n<meta property=\"og:url\" content=\"https:\/\/taxivalenciatransfer.com\/index.php\/fr\/politique-des-cockies\/\" \/>\n<meta property=\"og:site_name\" content=\"TAXI VALENCIA TRANSFER\" \/>\n<meta property=\"article:modified_time\" content=\"2021-02-12T17:07:36+00:00\" \/>\n<meta name=\"twitter:card\" content=\"summary_large_image\" \/>\n<meta name=\"twitter:label1\" content=\"Tiempo de lectura\" \/>\n\t<meta name=\"twitter:data1\" content=\"3 minutos\" \/>\n<script type=\"application\/ld+json\" class=\"yoast-schema-graph\">{\"@context\":\"https:\/\/schema.org\",\"@graph\":[{\"@type\":\"WebPage\",\"@id\":\"https:\/\/taxivalenciatransfer.com\/index.php\/fr\/politique-des-cockies\/\",\"url\":\"https:\/\/taxivalenciatransfer.com\/index.php\/fr\/politique-des-cockies\/\",\"name\":\"POLITIQUE DES COCKIES | TAXI VALENCIA TRANSFER\",\"isPartOf\":{\"@id\":\"https:\/\/taxivalenciatransfer.com\/#website\"},\"datePublished\":\"2021-02-12T17:06:07+00:00\",\"dateModified\":\"2021-02-12T17:07:36+00:00\",\"breadcrumb\":{\"@id\":\"https:\/\/taxivalenciatransfer.com\/index.php\/fr\/politique-des-cockies\/#breadcrumb\"},\"inLanguage\":\"es\",\"potentialAction\":[{\"@type\":\"ReadAction\",\"target\":[\"https:\/\/taxivalenciatransfer.com\/index.php\/fr\/politique-des-cockies\/\"]}]},{\"@type\":\"BreadcrumbList\",\"@id\":\"https:\/\/taxivalenciatransfer.com\/index.php\/fr\/politique-des-cockies\/#breadcrumb\",\"itemListElement\":[{\"@type\":\"ListItem\",\"position\":1,\"name\":\"Portada\",\"item\":\"https:\/\/taxivalenciatransfer.com\/\"},{\"@type\":\"ListItem\",\"position\":2,\"name\":\"POLITIQUE DES COCKIES\"}]},{\"@type\":\"WebSite\",\"@id\":\"https:\/\/taxivalenciatransfer.com\/#website\",\"url\":\"https:\/\/taxivalenciatransfer.com\/\",\"name\":\"TAXI VALENCIA TRANSFER\",\"description\":\"Taxi Valencia aeropuerto, traslados todos los destinos con grandes descuentos\",\"publisher\":{\"@id\":\"https:\/\/taxivalenciatransfer.com\/#organization\"},\"potentialAction\":[{\"@type\":\"SearchAction\",\"target\":{\"@type\":\"EntryPoint\",\"urlTemplate\":\"https:\/\/taxivalenciatransfer.com\/?s={search_term_string}\"},\"query-input\":{\"@type\":\"PropertyValueSpecification\",\"valueRequired\":true,\"valueName\":\"search_term_string\"}}],\"inLanguage\":\"es\"},{\"@type\":\"Organization\",\"@id\":\"https:\/\/taxivalenciatransfer.com\/#organization\",\"name\":\"TAXIVALENCIATRANSFER\",\"url\":\"https:\/\/taxivalenciatransfer.com\/\",\"logo\":{\"@type\":\"ImageObject\",\"inLanguage\":\"es\",\"@id\":\"https:\/\/taxivalenciatransfer.com\/#\/schema\/logo\/image\/\",\"url\":\"https:\/\/taxivalenciatransfer.com\/wp-content\/uploads\/2019\/03\/logo.png\",\"contentUrl\":\"https:\/\/taxivalenciatransfer.com\/wp-content\/uploads\/2019\/03\/logo.png\",\"width\":256,\"height\":256,\"caption\":\"TAXIVALENCIATRANSFER\"},\"image\":{\"@id\":\"https:\/\/taxivalenciatransfer.com\/#\/schema\/logo\/image\/\"}}]}<\/script>\n<!-- \/ Yoast SEO plugin. -->","yoast_head_json":{"title":"POLITIQUE DES COCKIES | TAXI VALENCIA TRANSFER","robots":{"index":"index","follow":"follow","max-snippet":"max-snippet:-1","max-image-preview":"max-image-preview:large","max-video-preview":"max-video-preview:-1"},"canonical":"https:\/\/taxivalenciatransfer.com\/index.php\/fr\/politique-des-cockies\/","og_locale":"es_ES","og_type":"article","og_title":"POLITIQUE DES COCKIES | TAXI VALENCIA TRANSFER","og_description":"POLITIQUE DES COCKIES Un cookie est un petit fichier texte qui est stock\u00e9 dans votre navigateur lorsque vous visitez presque toutes les pages Web. Son utilit\u00e9 est que le Web peut se souvenir de votre visite lorsque vous revenez sur cette page. Les cookies stockent g\u00e9n\u00e9ralement des informations de nature technique, des pr\u00e9f\u00e9rences personnelles, la ... Leer m\u00e1s","og_url":"https:\/\/taxivalenciatransfer.com\/index.php\/fr\/politique-des-cockies\/","og_site_name":"TAXI VALENCIA TRANSFER","article_modified_time":"2021-02-12T17:07:36+00:00","twitter_card":"summary_large_image","twitter_misc":{"Tiempo de lectura":"3 minutos"},"schema":{"@context":"https:\/\/schema.org","@graph":[{"@type":"WebPage","@id":"https:\/\/taxivalenciatransfer.com\/index.php\/fr\/politique-des-cockies\/","url":"https:\/\/taxivalenciatransfer.com\/index.php\/fr\/politique-des-cockies\/","name":"POLITIQUE DES COCKIES | TAXI VALENCIA TRANSFER","isPartOf":{"@id":"https:\/\/taxivalenciatransfer.com\/#website"},"datePublished":"2021-02-12T17:06:07+00:00","dateModified":"2021-02-12T17:07:36+00:00","breadcrumb":{"@id":"https:\/\/taxivalenciatransfer.com\/index.php\/fr\/politique-des-cockies\/#breadcrumb"},"inLanguage":"es","potentialAction":[{"@type":"ReadAction","target":["https:\/\/taxivalenciatransfer.com\/index.php\/fr\/politique-des-cockies\/"]}]},{"@type":"BreadcrumbList","@id":"https:\/\/taxivalenciatransfer.com\/index.php\/fr\/politique-des-cockies\/#breadcrumb","itemListElement":[{"@type":"ListItem","position":1,"name":"Portada","item":"https:\/\/taxivalenciatransfer.com\/"},{"@type":"ListItem","position":2,"name":"POLITIQUE DES COCKIES"}]},{"@type":"WebSite","@id":"https:\/\/taxivalenciatransfer.com\/#website","url":"https:\/\/taxivalenciatransfer.com\/","name":"TAXI VALENCIA TRANSFER","description":"Taxi Valencia aeropuerto, traslados todos los destinos con grandes descuentos","publisher":{"@id":"https:\/\/taxivalenciatransfer.com\/#organization"},"potentialAction":[{"@type":"SearchAction","target":{"@type":"EntryPoint","urlTemplate":"https:\/\/taxivalenciatransfer.com\/?s={search_term_string}"},"query-input":{"@type":"PropertyValueSpecification","valueRequired":true,"valueName":"search_term_string"}}],"inLanguage":"es"},{"@type":"Organization","@id":"https:\/\/taxivalenciatransfer.com\/#organization","name":"TAXIVALENCIATRANSFER","url":"https:\/\/taxivalenciatransfer.com\/","logo":{"@type":"ImageObject","inLanguage":"es","@id":"https:\/\/taxivalenciatransfer.com\/#\/schema\/logo\/image\/","url":"https:\/\/taxivalenciatransfer.com\/wp-content\/uploads\/2019\/03\/logo.png","contentUrl":"https:\/\/taxivalenciatransfer.com\/wp-content\/uploads\/2019\/03\/logo.png","width":256,"height":256,"caption":"TAXIVALENCIATRANSFER"},"image":{"@id":"https:\/\/taxivalenciatransfer.com\/#\/schema\/logo\/image\/"}}]}},"_links":{"self":[{"href":"https:\/\/taxivalenciatransfer.com\/index.php\/wp-json\/wp\/v2\/pages\/2780","targetHints":{"allow":["GET"]}}],"collection":[{"href":"https:\/\/taxivalenciatransfer.com\/index.php\/wp-json\/wp\/v2\/pages"}],"about":[{"href":"https:\/\/taxivalenciatransfer.com\/index.php\/wp-json\/wp\/v2\/types\/page"}],"author":[{"embeddable":true,"href":"https:\/\/taxivalenciatransfer.com\/index.php\/wp-json\/wp\/v2\/users\/1"}],"replies":[{"embeddable":true,"href":"https:\/\/taxivalenciatransfer.com\/index.php\/wp-json\/wp\/v2\/comments?post=2780"}],"version-history":[{"count":3,"href":"https:\/\/taxivalenciatransfer.com\/index.php\/wp-json\/wp\/v2\/pages\/2780\/revisions"}],"predecessor-version":[{"id":2783,"href":"https:\/\/taxivalenciatransfer.com\/index.php\/wp-json\/wp\/v2\/pages\/2780\/revisions\/2783"}],"wp:attachment":[{"href":"https:\/\/taxivalenciatransfer.com\/index.php\/wp-json\/wp\/v2\/media?parent=2780"}],"curies":[{"name":"wp","href":"https:\/\/api.w.org\/{rel}","templated":true}]}}