{"id":2776,"date":"2021-02-12T17:01:46","date_gmt":"2021-02-12T17:01:46","guid":{"rendered":"https:\/\/taxivalenciatransfer.com\/?page_id=2776"},"modified":"2021-02-12T17:03:59","modified_gmt":"2021-02-12T17:03:59","slug":"politica-dei-cockies","status":"publish","type":"page","link":"https:\/\/taxivalenciatransfer.com\/index.php\/it\/politica-dei-cockies\/","title":{"rendered":"POLITICA DEI COCKIES"},"content":{"rendered":"<style><\/style>\t\t<div data-elementor-type=\"wp-page\" data-elementor-id=\"2776\" class=\"elementor elementor-2776\">\n\t\t\t\t\t\t<section class=\"elementor-section elementor-top-section elementor-element elementor-element-97cf7e9 elementor-section-boxed elementor-section-height-default elementor-section-height-default\" data-id=\"97cf7e9\" data-element_type=\"section\">\n\t\t\t\t\t\t<div class=\"elementor-container elementor-column-gap-default\">\n\t\t\t\t\t<div class=\"elementor-column elementor-col-100 elementor-top-column elementor-element elementor-element-08fe782\" data-id=\"08fe782\" data-element_type=\"column\">\n\t\t\t<div class=\"elementor-widget-wrap elementor-element-populated\">\n\t\t\t\t\t\t<div class=\"elementor-element elementor-element-c81504a elementor-widget elementor-widget-text-editor\" data-id=\"c81504a\" data-element_type=\"widget\" data-widget_type=\"text-editor.default\">\n\t\t\t\t<div class=\"elementor-widget-container\">\n\t\t\t\t\t\t\t\t\t<p>Un cookie \u00e8 un piccolo file di testo che viene memorizzato nel tuo browser quando visiti quasi tutte le pagine web. La sua utilit\u00e0 \u00e8 che il web \u00e8 in grado di ricordare la tua visita quando torni a sfogliare quella pagina. I cookie solitamente memorizzano informazioni di natura tecnica, preferenze personali, personalizzazione dei contenuti, statistiche di utilizzo, collegamenti a social network, accesso agli account utente, ecc. Lo scopo del cookie \u00e8 quello di adattare il contenuto del web al tuo profilo e alle tue esigenze, senza i cookie i servizi offerti da qualsiasi pagina sarebbero notevolmente ridotti. Se desideri consultare maggiori informazioni su cosa sono i cookie, cosa memorizzano, come eliminarli, disattivarli, ecc., Vai a questo link.<\/p><p>Cookie utilizzati in questo sito<br \/>Seguendo le linee guida dell&#8217;Agenzia spagnola per la protezione dei dati, procediamo a dettagliare l&#8217;uso dei cookie fatto da questo sito Web per informarti il \u200b\u200bpi\u00f9 accuratamente possibile.<\/p><p>Questo sito web utilizza i seguenti cookie propri:<\/p><p>Cookie di sessione, per garantire che gli utenti che scrivono commenti sul blog siano applicazioni umane e non automatizzate. In questo modo si combatte lo spam.<br \/>Questo sito utilizza i seguenti cookie di terze parti:<\/p><p>Google Analytics: memorizza i cookie per poter compilare statistiche sul traffico e sul volume delle visite a questo sito web. Utilizzando questo sito Web acconsenti al trattamento delle informazioni su di te da parte di Google. Pertanto, l&#8217;esercizio di qualsiasi diritto al riguardo deve essere fatto comunicando direttamente con Google.<br \/>Social network: ogni social network utilizza i propri cookie in modo che tu possa fare clic su pulsanti come Mi piace o Condividi.<br \/>Disattivazione o eliminazione dei cookie<br \/>In qualsiasi momento puoi esercitare il tuo diritto di disattivare o eliminare i cookie da questo sito web. Queste azioni vengono eseguite in modo diverso a seconda del browser che stai utilizzando. Ecco una guida rapida ai browser pi\u00f9 diffusi.<\/p><p>Note aggiuntive<br \/>N\u00e9 questo sito web n\u00e9 i suoi rappresentanti legali sono responsabili del contenuto o della veridicit\u00e0 delle politiche sulla privacy che le terze parti menzionate in questa politica sui cookie possono avere.<br \/>I browser web sono gli strumenti preposti alla memorizzazione dei cookie e da questo luogo \u00e8 necessario esercitare il diritto di eliminarli o disattivarli. N\u00e9 questo sito web n\u00e9 i suoi rappresentanti legali possono garantire la corretta o non corretta gestione dei cookie da parte dei suddetti browser.<br \/>In alcuni casi \u00e8 necessario installare i cookie in modo che il browser non dimentichi la tua decisione di non accettarli.<br \/>Nel caso dei cookie di Google Analytics, questa societ\u00e0 memorizza i cookie su server ubicati negli Stati Uniti e si impegna a non condividerli con terze parti, tranne nei casi in cui sia necessario per il funzionamento del sistema o quando la legge lo richiede a tale un effetto. Secondo Google, non salva il tuo indirizzo IP. Google Inc. \u00e8 una societ\u00e0 aderente all&#8217;Accordo Safe Harbor che garantisce che tutti i dati trasferiti saranno trattati con un livello di protezione conforme alle normative europee. \u00c8 possibile consultare informazioni dettagliate al riguardo a questo link. Se desideri informazioni sull&#8217;utilizzo che Google d\u00e0 dei cookie, alleghiamo questo altro link.<br \/>Per qualsiasi domanda o dubbio sulla presente cookie policy, non esitare a contattarci tramite la sezione contatti.<\/p>\t\t\t\t\t\t\t\t<\/div>\n\t\t\t\t<\/div>\n\t\t\t\t\t<\/div>\n\t\t<\/div>\n\t\t\t\t\t<\/div>\n\t\t<\/section>\n\t\t\t\t<\/div>\n\t\t\n\n<div class=\"kk-star-ratings kksr-auto kksr-align-left kksr-valign-bottom\"\n    data-payload='{&quot;align&quot;:&quot;left&quot;,&quot;id&quot;:&quot;2776&quot;,&quot;slug&quot;:&quot;default&quot;,&quot;valign&quot;:&quot;bottom&quot;,&quot;ignore&quot;:&quot;&quot;,&quot;reference&quot;:&quot;auto&quot;,&quot;class&quot;:&quot;&quot;,&quot;count&quot;:&quot;0&quot;,&quot;legendonly&quot;:&quot;&quot;,&quot;readonly&quot;:&quot;&quot;,&quot;score&quot;:&quot;0&quot;,&quot;starsonly&quot;:&quot;&quot;,&quot;best&quot;:&quot;5&quot;,&quot;gap&quot;:&quot;4&quot;,&quot;greet&quot;:&quot;Rate this page&quot;,&quot;legend&quot;:&quot;0\\\/5 - (0 votos)&quot;,&quot;size&quot;:&quot;26&quot;,&quot;title&quot;:&quot;POLITICA DEI COCKIES&quot;,&quot;width&quot;:&quot;0&quot;,&quot;_legend&quot;:&quot;{score}\\\/{best} - ({count} {votes})&quot;,&quot;font_factor&quot;:&quot;1.25&quot;}'>\n            \n<div class=\"kksr-stars\">\n    \n<div class=\"kksr-stars-inactive\">\n            <div class=\"kksr-star\" data-star=\"1\" style=\"padding-right: 4px\">\n            \n\n<div class=\"kksr-icon\" style=\"width: 26px; height: 26px;\"><\/div>\n        <\/div>\n            <div class=\"kksr-star\" data-star=\"2\" style=\"padding-right: 4px\">\n            \n\n<div class=\"kksr-icon\" style=\"width: 26px; height: 26px;\"><\/div>\n        <\/div>\n            <div class=\"kksr-star\" data-star=\"3\" style=\"padding-right: 4px\">\n            \n\n<div class=\"kksr-icon\" style=\"width: 26px; height: 26px;\"><\/div>\n        <\/div>\n            <div class=\"kksr-star\" data-star=\"4\" style=\"padding-right: 4px\">\n            \n\n<div class=\"kksr-icon\" style=\"width: 26px; height: 26px;\"><\/div>\n        <\/div>\n            <div class=\"kksr-star\" data-star=\"5\" style=\"padding-right: 4px\">\n            \n\n<div class=\"kksr-icon\" style=\"width: 26px; height: 26px;\"><\/div>\n        <\/div>\n    <\/div>\n    \n<div class=\"kksr-stars-active\" style=\"width: 0px;\">\n            <div class=\"kksr-star\" style=\"padding-right: 4px\">\n            \n\n<div class=\"kksr-icon\" style=\"width: 26px; height: 26px;\"><\/div>\n        <\/div>\n            <div class=\"kksr-star\" style=\"padding-right: 4px\">\n            \n\n<div class=\"kksr-icon\" style=\"width: 26px; height: 26px;\"><\/div>\n        <\/div>\n            <div class=\"kksr-star\" style=\"padding-right: 4px\">\n            \n\n<div class=\"kksr-icon\" style=\"width: 26px; height: 26px;\"><\/div>\n        <\/div>\n            <div class=\"kksr-star\" style=\"padding-right: 4px\">\n            \n\n<div class=\"kksr-icon\" style=\"width: 26px; height: 26px;\"><\/div>\n        <\/div>\n            <div class=\"kksr-star\" style=\"padding-right: 4px\">\n            \n\n<div class=\"kksr-icon\" style=\"width: 26px; height: 26px;\"><\/div>\n        <\/div>\n    <\/div>\n<\/div>\n                \n\n<div class=\"kksr-legend\" style=\"font-size: 20.8px;\">\n            <span class=\"kksr-muted\">Rate this page<\/span>\n    <\/div>\n    <\/div>\n","protected":false},"excerpt":{"rendered":"<p>Un cookie \u00e8 un piccolo file di testo che viene memorizzato nel tuo browser quando visiti quasi tutte le pagine web. La sua utilit\u00e0 \u00e8 che il web \u00e8 in grado di ricordare la tua visita quando torni a sfogliare quella pagina. I cookie solitamente memorizzano informazioni di natura tecnica, preferenze personali, personalizzazione dei contenuti, &#8230; <a title=\"POLITICA DEI COCKIES\" class=\"read-more\" href=\"https:\/\/taxivalenciatransfer.com\/index.php\/it\/politica-dei-cockies\/\" aria-label=\"Leer m\u00e1s sobre POLITICA DEI COCKIES\">Leer m\u00e1s<\/a><\/p>\n","protected":false},"author":1,"featured_media":0,"parent":0,"menu_order":0,"comment_status":"closed","ping_status":"closed","template":"","meta":{"_monsterinsights_skip_tracking":false,"_monsterinsights_sitenote_active":false,"_monsterinsights_sitenote_note":"","_monsterinsights_sitenote_category":0,"footnotes":""},"class_list":["post-2776","page","type-page","status-publish"],"yoast_head":"<!-- This site is optimized with the Yoast SEO plugin v27.2 - https:\/\/yoast.com\/product\/yoast-seo-wordpress\/ -->\n<title>POLITICA DEI COCKIES | TAXI VALENCIA TRANSFER<\/title>\n<meta name=\"robots\" content=\"index, follow, max-snippet:-1, max-image-preview:large, max-video-preview:-1\" \/>\n<link rel=\"canonical\" href=\"https:\/\/taxivalenciatransfer.com\/index.php\/it\/politica-dei-cockies\/\" \/>\n<meta property=\"og:locale\" content=\"es_ES\" \/>\n<meta property=\"og:type\" content=\"article\" \/>\n<meta property=\"og:title\" content=\"POLITICA DEI COCKIES | TAXI VALENCIA TRANSFER\" \/>\n<meta property=\"og:description\" content=\"Un cookie \u00e8 un piccolo file di testo che viene memorizzato nel tuo browser quando visiti quasi tutte le pagine web. La sua utilit\u00e0 \u00e8 che il web \u00e8 in grado di ricordare la tua visita quando torni a sfogliare quella pagina. I cookie solitamente memorizzano informazioni di natura tecnica, preferenze personali, personalizzazione dei contenuti, ... Leer m\u00e1s\" \/>\n<meta property=\"og:url\" content=\"https:\/\/taxivalenciatransfer.com\/index.php\/it\/politica-dei-cockies\/\" \/>\n<meta property=\"og:site_name\" content=\"TAXI VALENCIA TRANSFER\" \/>\n<meta property=\"article:modified_time\" content=\"2021-02-12T17:03:59+00:00\" \/>\n<meta name=\"twitter:card\" content=\"summary_large_image\" \/>\n<meta name=\"twitter:label1\" content=\"Tiempo de lectura\" \/>\n\t<meta name=\"twitter:data1\" content=\"3 minutos\" \/>\n<script type=\"application\/ld+json\" class=\"yoast-schema-graph\">{\"@context\":\"https:\/\/schema.org\",\"@graph\":[{\"@type\":\"WebPage\",\"@id\":\"https:\/\/taxivalenciatransfer.com\/index.php\/it\/politica-dei-cockies\/\",\"url\":\"https:\/\/taxivalenciatransfer.com\/index.php\/it\/politica-dei-cockies\/\",\"name\":\"POLITICA DEI COCKIES | TAXI VALENCIA TRANSFER\",\"isPartOf\":{\"@id\":\"https:\/\/taxivalenciatransfer.com\/#website\"},\"datePublished\":\"2021-02-12T17:01:46+00:00\",\"dateModified\":\"2021-02-12T17:03:59+00:00\",\"breadcrumb\":{\"@id\":\"https:\/\/taxivalenciatransfer.com\/index.php\/it\/politica-dei-cockies\/#breadcrumb\"},\"inLanguage\":\"es\",\"potentialAction\":[{\"@type\":\"ReadAction\",\"target\":[\"https:\/\/taxivalenciatransfer.com\/index.php\/it\/politica-dei-cockies\/\"]}]},{\"@type\":\"BreadcrumbList\",\"@id\":\"https:\/\/taxivalenciatransfer.com\/index.php\/it\/politica-dei-cockies\/#breadcrumb\",\"itemListElement\":[{\"@type\":\"ListItem\",\"position\":1,\"name\":\"Portada\",\"item\":\"https:\/\/taxivalenciatransfer.com\/\"},{\"@type\":\"ListItem\",\"position\":2,\"name\":\"POLITICA DEI COCKIES\"}]},{\"@type\":\"WebSite\",\"@id\":\"https:\/\/taxivalenciatransfer.com\/#website\",\"url\":\"https:\/\/taxivalenciatransfer.com\/\",\"name\":\"TAXI VALENCIA TRANSFER\",\"description\":\"Taxi Valencia aeropuerto, traslados todos los destinos con grandes descuentos\",\"publisher\":{\"@id\":\"https:\/\/taxivalenciatransfer.com\/#organization\"},\"potentialAction\":[{\"@type\":\"SearchAction\",\"target\":{\"@type\":\"EntryPoint\",\"urlTemplate\":\"https:\/\/taxivalenciatransfer.com\/?s={search_term_string}\"},\"query-input\":{\"@type\":\"PropertyValueSpecification\",\"valueRequired\":true,\"valueName\":\"search_term_string\"}}],\"inLanguage\":\"es\"},{\"@type\":\"Organization\",\"@id\":\"https:\/\/taxivalenciatransfer.com\/#organization\",\"name\":\"TAXIVALENCIATRANSFER\",\"url\":\"https:\/\/taxivalenciatransfer.com\/\",\"logo\":{\"@type\":\"ImageObject\",\"inLanguage\":\"es\",\"@id\":\"https:\/\/taxivalenciatransfer.com\/#\/schema\/logo\/image\/\",\"url\":\"https:\/\/taxivalenciatransfer.com\/wp-content\/uploads\/2019\/03\/logo.png\",\"contentUrl\":\"https:\/\/taxivalenciatransfer.com\/wp-content\/uploads\/2019\/03\/logo.png\",\"width\":256,\"height\":256,\"caption\":\"TAXIVALENCIATRANSFER\"},\"image\":{\"@id\":\"https:\/\/taxivalenciatransfer.com\/#\/schema\/logo\/image\/\"}}]}<\/script>\n<!-- \/ Yoast SEO plugin. -->","yoast_head_json":{"title":"POLITICA DEI COCKIES | TAXI VALENCIA TRANSFER","robots":{"index":"index","follow":"follow","max-snippet":"max-snippet:-1","max-image-preview":"max-image-preview:large","max-video-preview":"max-video-preview:-1"},"canonical":"https:\/\/taxivalenciatransfer.com\/index.php\/it\/politica-dei-cockies\/","og_locale":"es_ES","og_type":"article","og_title":"POLITICA DEI COCKIES | TAXI VALENCIA TRANSFER","og_description":"Un cookie \u00e8 un piccolo file di testo che viene memorizzato nel tuo browser quando visiti quasi tutte le pagine web. La sua utilit\u00e0 \u00e8 che il web \u00e8 in grado di ricordare la tua visita quando torni a sfogliare quella pagina. I cookie solitamente memorizzano informazioni di natura tecnica, preferenze personali, personalizzazione dei contenuti, ... Leer m\u00e1s","og_url":"https:\/\/taxivalenciatransfer.com\/index.php\/it\/politica-dei-cockies\/","og_site_name":"TAXI VALENCIA TRANSFER","article_modified_time":"2021-02-12T17:03:59+00:00","twitter_card":"summary_large_image","twitter_misc":{"Tiempo de lectura":"3 minutos"},"schema":{"@context":"https:\/\/schema.org","@graph":[{"@type":"WebPage","@id":"https:\/\/taxivalenciatransfer.com\/index.php\/it\/politica-dei-cockies\/","url":"https:\/\/taxivalenciatransfer.com\/index.php\/it\/politica-dei-cockies\/","name":"POLITICA DEI COCKIES | TAXI VALENCIA TRANSFER","isPartOf":{"@id":"https:\/\/taxivalenciatransfer.com\/#website"},"datePublished":"2021-02-12T17:01:46+00:00","dateModified":"2021-02-12T17:03:59+00:00","breadcrumb":{"@id":"https:\/\/taxivalenciatransfer.com\/index.php\/it\/politica-dei-cockies\/#breadcrumb"},"inLanguage":"es","potentialAction":[{"@type":"ReadAction","target":["https:\/\/taxivalenciatransfer.com\/index.php\/it\/politica-dei-cockies\/"]}]},{"@type":"BreadcrumbList","@id":"https:\/\/taxivalenciatransfer.com\/index.php\/it\/politica-dei-cockies\/#breadcrumb","itemListElement":[{"@type":"ListItem","position":1,"name":"Portada","item":"https:\/\/taxivalenciatransfer.com\/"},{"@type":"ListItem","position":2,"name":"POLITICA DEI COCKIES"}]},{"@type":"WebSite","@id":"https:\/\/taxivalenciatransfer.com\/#website","url":"https:\/\/taxivalenciatransfer.com\/","name":"TAXI VALENCIA TRANSFER","description":"Taxi Valencia aeropuerto, traslados todos los destinos con grandes descuentos","publisher":{"@id":"https:\/\/taxivalenciatransfer.com\/#organization"},"potentialAction":[{"@type":"SearchAction","target":{"@type":"EntryPoint","urlTemplate":"https:\/\/taxivalenciatransfer.com\/?s={search_term_string}"},"query-input":{"@type":"PropertyValueSpecification","valueRequired":true,"valueName":"search_term_string"}}],"inLanguage":"es"},{"@type":"Organization","@id":"https:\/\/taxivalenciatransfer.com\/#organization","name":"TAXIVALENCIATRANSFER","url":"https:\/\/taxivalenciatransfer.com\/","logo":{"@type":"ImageObject","inLanguage":"es","@id":"https:\/\/taxivalenciatransfer.com\/#\/schema\/logo\/image\/","url":"https:\/\/taxivalenciatransfer.com\/wp-content\/uploads\/2019\/03\/logo.png","contentUrl":"https:\/\/taxivalenciatransfer.com\/wp-content\/uploads\/2019\/03\/logo.png","width":256,"height":256,"caption":"TAXIVALENCIATRANSFER"},"image":{"@id":"https:\/\/taxivalenciatransfer.com\/#\/schema\/logo\/image\/"}}]}},"_links":{"self":[{"href":"https:\/\/taxivalenciatransfer.com\/index.php\/wp-json\/wp\/v2\/pages\/2776","targetHints":{"allow":["GET"]}}],"collection":[{"href":"https:\/\/taxivalenciatransfer.com\/index.php\/wp-json\/wp\/v2\/pages"}],"about":[{"href":"https:\/\/taxivalenciatransfer.com\/index.php\/wp-json\/wp\/v2\/types\/page"}],"author":[{"embeddable":true,"href":"https:\/\/taxivalenciatransfer.com\/index.php\/wp-json\/wp\/v2\/users\/1"}],"replies":[{"embeddable":true,"href":"https:\/\/taxivalenciatransfer.com\/index.php\/wp-json\/wp\/v2\/comments?post=2776"}],"version-history":[{"count":3,"href":"https:\/\/taxivalenciatransfer.com\/index.php\/wp-json\/wp\/v2\/pages\/2776\/revisions"}],"predecessor-version":[{"id":2779,"href":"https:\/\/taxivalenciatransfer.com\/index.php\/wp-json\/wp\/v2\/pages\/2776\/revisions\/2779"}],"wp:attachment":[{"href":"https:\/\/taxivalenciatransfer.com\/index.php\/wp-json\/wp\/v2\/media?parent=2776"}],"curies":[{"name":"wp","href":"https:\/\/api.w.org\/{rel}","templated":true}]}}