{"id":2041,"date":"2020-11-24T19:40:57","date_gmt":"2020-11-24T19:40:57","guid":{"rendered":"https:\/\/taxivalenciatransfer.com\/?page_id=2041"},"modified":"2020-12-05T07:57:48","modified_gmt":"2020-12-05T07:57:48","slug":"nous-connaitre","status":"publish","type":"page","link":"https:\/\/taxivalenciatransfer.com\/index.php\/fr\/nous-connaitre\/","title":{"rendered":"NOUS CONNA\u00ceTRE"},"content":{"rendered":"<style><\/style>\t\t<div data-elementor-type=\"wp-post\" data-elementor-id=\"2041\" class=\"elementor elementor-2041\">\n\t\t\t\t\t\t<section class=\"elementor-section elementor-top-section elementor-element elementor-element-26416ab elementor-section-boxed elementor-section-height-default elementor-section-height-default\" data-id=\"26416ab\" data-element_type=\"section\">\n\t\t\t\t\t\t<div class=\"elementor-container elementor-column-gap-default\">\n\t\t\t\t\t<div class=\"elementor-column elementor-col-100 elementor-top-column elementor-element elementor-element-3b89956\" data-id=\"3b89956\" data-element_type=\"column\">\n\t\t\t<div class=\"elementor-widget-wrap elementor-element-populated\">\n\t\t\t\t\t\t<div class=\"elementor-element elementor-element-ccfc3ba elementor-widget elementor-widget-text-editor\" data-id=\"ccfc3ba\" data-element_type=\"widget\" data-widget_type=\"text-editor.default\">\n\t\t\t\t<div class=\"elementor-widget-container\">\n\t\t\t\t\t\t\t\t\t<p>Nous sommes un groupe de chauffeurs de taxi avec plus de 15 ans d&#8217;exp\u00e9rience dans le secteur et tous de Valence, ce qui nous permet d&#8217;effectuer notre travail avec le plus grand professionnalisme et diligence pour les itin\u00e9raires urbains et interurbains, sans avoir besoin de faire des d\u00e9tours ou des tours inutiles. \u00e0 nos clients. Cela nous permet \u00e9galement de conna\u00eetre la ville de mani\u00e8re excellente au niveau culturel, historique, gastronomique et de loisirs, faisant de nos visites de la ville une exp\u00e9rience unique.<\/p><p>Nous sommes conscients de la situation g\u00e9n\u00e9rale que nous vivons au niveau \u00e9conomique, notre engagement envers nos clients est de donner le meilleur service au prix le plus comp\u00e9titif, c&#8217;est pourquoi nous avons les remises les plus importantes dans les services interurbains et avec la plus haute qualit\u00e9, nous leur offrons une boisson gazeuse ou un bouteille d&#8217;eau, dans ce type de service. Si nous ajoutons la ponctualit\u00e9, la propret\u00e9, le prix et nos petits d\u00e9tails, vous vous rendrez compte que le faible co\u00fbt se r\u00e9f\u00e8re vraiment au prix, sans compromettre la qualit\u00e9 d&#8217;un iota.<\/p>\t\t\t\t\t\t\t\t<\/div>\n\t\t\t\t<\/div>\n\t\t\t\t\t<\/div>\n\t\t<\/div>\n\t\t\t\t\t<\/div>\n\t\t<\/section>\n\t\t\t\t<\/div>\n\t\t\n\n<div class=\"kk-star-ratings kksr-auto kksr-align-left kksr-valign-bottom\"\n    data-payload='{&quot;align&quot;:&quot;left&quot;,&quot;id&quot;:&quot;2041&quot;,&quot;slug&quot;:&quot;default&quot;,&quot;valign&quot;:&quot;bottom&quot;,&quot;ignore&quot;:&quot;&quot;,&quot;reference&quot;:&quot;auto&quot;,&quot;class&quot;:&quot;&quot;,&quot;count&quot;:&quot;0&quot;,&quot;legendonly&quot;:&quot;&quot;,&quot;readonly&quot;:&quot;&quot;,&quot;score&quot;:&quot;0&quot;,&quot;starsonly&quot;:&quot;&quot;,&quot;best&quot;:&quot;5&quot;,&quot;gap&quot;:&quot;4&quot;,&quot;greet&quot;:&quot;Rate this page&quot;,&quot;legend&quot;:&quot;0\\\/5 - (0 votos)&quot;,&quot;size&quot;:&quot;26&quot;,&quot;title&quot;:&quot;NOUS CONNA\u00ceTRE&quot;,&quot;width&quot;:&quot;0&quot;,&quot;_legend&quot;:&quot;{score}\\\/{best} - ({count} {votes})&quot;,&quot;font_factor&quot;:&quot;1.25&quot;}'>\n            \n<div class=\"kksr-stars\">\n    \n<div class=\"kksr-stars-inactive\">\n            <div class=\"kksr-star\" data-star=\"1\" style=\"padding-right: 4px\">\n            \n\n<div class=\"kksr-icon\" style=\"width: 26px; height: 26px;\"><\/div>\n        <\/div>\n            <div class=\"kksr-star\" data-star=\"2\" style=\"padding-right: 4px\">\n            \n\n<div class=\"kksr-icon\" style=\"width: 26px; height: 26px;\"><\/div>\n        <\/div>\n            <div class=\"kksr-star\" data-star=\"3\" style=\"padding-right: 4px\">\n            \n\n<div class=\"kksr-icon\" style=\"width: 26px; height: 26px;\"><\/div>\n        <\/div>\n            <div class=\"kksr-star\" data-star=\"4\" style=\"padding-right: 4px\">\n            \n\n<div class=\"kksr-icon\" style=\"width: 26px; height: 26px;\"><\/div>\n        <\/div>\n            <div class=\"kksr-star\" data-star=\"5\" style=\"padding-right: 4px\">\n            \n\n<div class=\"kksr-icon\" style=\"width: 26px; height: 26px;\"><\/div>\n        <\/div>\n    <\/div>\n    \n<div class=\"kksr-stars-active\" style=\"width: 0px;\">\n            <div class=\"kksr-star\" style=\"padding-right: 4px\">\n            \n\n<div class=\"kksr-icon\" style=\"width: 26px; height: 26px;\"><\/div>\n        <\/div>\n            <div class=\"kksr-star\" style=\"padding-right: 4px\">\n            \n\n<div class=\"kksr-icon\" style=\"width: 26px; height: 26px;\"><\/div>\n        <\/div>\n            <div class=\"kksr-star\" style=\"padding-right: 4px\">\n            \n\n<div class=\"kksr-icon\" style=\"width: 26px; height: 26px;\"><\/div>\n        <\/div>\n            <div class=\"kksr-star\" style=\"padding-right: 4px\">\n            \n\n<div class=\"kksr-icon\" style=\"width: 26px; height: 26px;\"><\/div>\n        <\/div>\n            <div class=\"kksr-star\" style=\"padding-right: 4px\">\n            \n\n<div class=\"kksr-icon\" style=\"width: 26px; height: 26px;\"><\/div>\n        <\/div>\n    <\/div>\n<\/div>\n                \n\n<div class=\"kksr-legend\" style=\"font-size: 20.8px;\">\n            <span class=\"kksr-muted\">Rate this page<\/span>\n    <\/div>\n    <\/div>\n","protected":false},"excerpt":{"rendered":"<p>Nous sommes un groupe de chauffeurs de taxi avec plus de 15 ans d&#8217;exp\u00e9rience dans le secteur et tous de Valence, ce qui nous permet d&#8217;effectuer notre travail avec le plus grand professionnalisme et diligence pour les itin\u00e9raires urbains et interurbains, sans avoir besoin de faire des d\u00e9tours ou des tours inutiles. \u00e0 nos clients. &#8230; <a title=\"NOUS CONNA\u00ceTRE\" class=\"read-more\" href=\"https:\/\/taxivalenciatransfer.com\/index.php\/fr\/nous-connaitre\/\" aria-label=\"Leer m\u00e1s sobre NOUS CONNA\u00ceTRE\">Leer m\u00e1s<\/a><\/p>\n","protected":false},"author":1,"featured_media":0,"parent":0,"menu_order":0,"comment_status":"closed","ping_status":"closed","template":"","meta":{"_monsterinsights_skip_tracking":false,"_monsterinsights_sitenote_active":false,"_monsterinsights_sitenote_note":"","_monsterinsights_sitenote_category":0,"footnotes":""},"class_list":["post-2041","page","type-page","status-publish"],"yoast_head":"<!-- This site is optimized with the Yoast SEO plugin v27.2 - https:\/\/yoast.com\/product\/yoast-seo-wordpress\/ -->\n<title>NOUS CONNA\u00ceTRE | TAXI VALENCIA TRANSFER<\/title>\n<meta name=\"robots\" content=\"index, follow, max-snippet:-1, max-image-preview:large, max-video-preview:-1\" \/>\n<link rel=\"canonical\" href=\"https:\/\/taxivalenciatransfer.com\/index.php\/fr\/nous-connaitre\/\" \/>\n<meta property=\"og:locale\" content=\"es_ES\" \/>\n<meta property=\"og:type\" content=\"article\" \/>\n<meta property=\"og:title\" content=\"NOUS CONNA\u00ceTRE | TAXI VALENCIA TRANSFER\" \/>\n<meta property=\"og:description\" content=\"Nous sommes un groupe de chauffeurs de taxi avec plus de 15 ans d&#8217;exp\u00e9rience dans le secteur et tous de Valence, ce qui nous permet d&#8217;effectuer notre travail avec le plus grand professionnalisme et diligence pour les itin\u00e9raires urbains et interurbains, sans avoir besoin de faire des d\u00e9tours ou des tours inutiles. \u00e0 nos clients. ... Leer m\u00e1s\" \/>\n<meta property=\"og:url\" content=\"https:\/\/taxivalenciatransfer.com\/index.php\/fr\/nous-connaitre\/\" \/>\n<meta property=\"og:site_name\" content=\"TAXI VALENCIA TRANSFER\" \/>\n<meta property=\"article:modified_time\" content=\"2020-12-05T07:57:48+00:00\" \/>\n<meta name=\"twitter:card\" content=\"summary_large_image\" \/>\n<meta name=\"twitter:label1\" content=\"Tiempo de lectura\" \/>\n\t<meta name=\"twitter:data1\" content=\"1 minuto\" \/>\n<script type=\"application\/ld+json\" class=\"yoast-schema-graph\">{\"@context\":\"https:\/\/schema.org\",\"@graph\":[{\"@type\":\"WebPage\",\"@id\":\"https:\/\/taxivalenciatransfer.com\/index.php\/fr\/nous-connaitre\/\",\"url\":\"https:\/\/taxivalenciatransfer.com\/index.php\/fr\/nous-connaitre\/\",\"name\":\"NOUS CONNA\u00ceTRE | TAXI VALENCIA TRANSFER\",\"isPartOf\":{\"@id\":\"https:\/\/taxivalenciatransfer.com\/#website\"},\"datePublished\":\"2020-11-24T19:40:57+00:00\",\"dateModified\":\"2020-12-05T07:57:48+00:00\",\"breadcrumb\":{\"@id\":\"https:\/\/taxivalenciatransfer.com\/index.php\/fr\/nous-connaitre\/#breadcrumb\"},\"inLanguage\":\"es\",\"potentialAction\":[{\"@type\":\"ReadAction\",\"target\":[\"https:\/\/taxivalenciatransfer.com\/index.php\/fr\/nous-connaitre\/\"]}]},{\"@type\":\"BreadcrumbList\",\"@id\":\"https:\/\/taxivalenciatransfer.com\/index.php\/fr\/nous-connaitre\/#breadcrumb\",\"itemListElement\":[{\"@type\":\"ListItem\",\"position\":1,\"name\":\"Portada\",\"item\":\"https:\/\/taxivalenciatransfer.com\/\"},{\"@type\":\"ListItem\",\"position\":2,\"name\":\"NOUS CONNA\u00ceTRE\"}]},{\"@type\":\"WebSite\",\"@id\":\"https:\/\/taxivalenciatransfer.com\/#website\",\"url\":\"https:\/\/taxivalenciatransfer.com\/\",\"name\":\"TAXI VALENCIA TRANSFER\",\"description\":\"Taxi Valencia aeropuerto, traslados todos los destinos con grandes descuentos\",\"publisher\":{\"@id\":\"https:\/\/taxivalenciatransfer.com\/#organization\"},\"potentialAction\":[{\"@type\":\"SearchAction\",\"target\":{\"@type\":\"EntryPoint\",\"urlTemplate\":\"https:\/\/taxivalenciatransfer.com\/?s={search_term_string}\"},\"query-input\":{\"@type\":\"PropertyValueSpecification\",\"valueRequired\":true,\"valueName\":\"search_term_string\"}}],\"inLanguage\":\"es\"},{\"@type\":\"Organization\",\"@id\":\"https:\/\/taxivalenciatransfer.com\/#organization\",\"name\":\"TAXIVALENCIATRANSFER\",\"url\":\"https:\/\/taxivalenciatransfer.com\/\",\"logo\":{\"@type\":\"ImageObject\",\"inLanguage\":\"es\",\"@id\":\"https:\/\/taxivalenciatransfer.com\/#\/schema\/logo\/image\/\",\"url\":\"https:\/\/taxivalenciatransfer.com\/wp-content\/uploads\/2019\/03\/logo.png\",\"contentUrl\":\"https:\/\/taxivalenciatransfer.com\/wp-content\/uploads\/2019\/03\/logo.png\",\"width\":256,\"height\":256,\"caption\":\"TAXIVALENCIATRANSFER\"},\"image\":{\"@id\":\"https:\/\/taxivalenciatransfer.com\/#\/schema\/logo\/image\/\"}}]}<\/script>\n<!-- \/ Yoast SEO plugin. -->","yoast_head_json":{"title":"NOUS CONNA\u00ceTRE | TAXI VALENCIA TRANSFER","robots":{"index":"index","follow":"follow","max-snippet":"max-snippet:-1","max-image-preview":"max-image-preview:large","max-video-preview":"max-video-preview:-1"},"canonical":"https:\/\/taxivalenciatransfer.com\/index.php\/fr\/nous-connaitre\/","og_locale":"es_ES","og_type":"article","og_title":"NOUS CONNA\u00ceTRE | TAXI VALENCIA TRANSFER","og_description":"Nous sommes un groupe de chauffeurs de taxi avec plus de 15 ans d&#8217;exp\u00e9rience dans le secteur et tous de Valence, ce qui nous permet d&#8217;effectuer notre travail avec le plus grand professionnalisme et diligence pour les itin\u00e9raires urbains et interurbains, sans avoir besoin de faire des d\u00e9tours ou des tours inutiles. \u00e0 nos clients. ... Leer m\u00e1s","og_url":"https:\/\/taxivalenciatransfer.com\/index.php\/fr\/nous-connaitre\/","og_site_name":"TAXI VALENCIA TRANSFER","article_modified_time":"2020-12-05T07:57:48+00:00","twitter_card":"summary_large_image","twitter_misc":{"Tiempo de lectura":"1 minuto"},"schema":{"@context":"https:\/\/schema.org","@graph":[{"@type":"WebPage","@id":"https:\/\/taxivalenciatransfer.com\/index.php\/fr\/nous-connaitre\/","url":"https:\/\/taxivalenciatransfer.com\/index.php\/fr\/nous-connaitre\/","name":"NOUS CONNA\u00ceTRE | TAXI VALENCIA TRANSFER","isPartOf":{"@id":"https:\/\/taxivalenciatransfer.com\/#website"},"datePublished":"2020-11-24T19:40:57+00:00","dateModified":"2020-12-05T07:57:48+00:00","breadcrumb":{"@id":"https:\/\/taxivalenciatransfer.com\/index.php\/fr\/nous-connaitre\/#breadcrumb"},"inLanguage":"es","potentialAction":[{"@type":"ReadAction","target":["https:\/\/taxivalenciatransfer.com\/index.php\/fr\/nous-connaitre\/"]}]},{"@type":"BreadcrumbList","@id":"https:\/\/taxivalenciatransfer.com\/index.php\/fr\/nous-connaitre\/#breadcrumb","itemListElement":[{"@type":"ListItem","position":1,"name":"Portada","item":"https:\/\/taxivalenciatransfer.com\/"},{"@type":"ListItem","position":2,"name":"NOUS CONNA\u00ceTRE"}]},{"@type":"WebSite","@id":"https:\/\/taxivalenciatransfer.com\/#website","url":"https:\/\/taxivalenciatransfer.com\/","name":"TAXI VALENCIA TRANSFER","description":"Taxi Valencia aeropuerto, traslados todos los destinos con grandes descuentos","publisher":{"@id":"https:\/\/taxivalenciatransfer.com\/#organization"},"potentialAction":[{"@type":"SearchAction","target":{"@type":"EntryPoint","urlTemplate":"https:\/\/taxivalenciatransfer.com\/?s={search_term_string}"},"query-input":{"@type":"PropertyValueSpecification","valueRequired":true,"valueName":"search_term_string"}}],"inLanguage":"es"},{"@type":"Organization","@id":"https:\/\/taxivalenciatransfer.com\/#organization","name":"TAXIVALENCIATRANSFER","url":"https:\/\/taxivalenciatransfer.com\/","logo":{"@type":"ImageObject","inLanguage":"es","@id":"https:\/\/taxivalenciatransfer.com\/#\/schema\/logo\/image\/","url":"https:\/\/taxivalenciatransfer.com\/wp-content\/uploads\/2019\/03\/logo.png","contentUrl":"https:\/\/taxivalenciatransfer.com\/wp-content\/uploads\/2019\/03\/logo.png","width":256,"height":256,"caption":"TAXIVALENCIATRANSFER"},"image":{"@id":"https:\/\/taxivalenciatransfer.com\/#\/schema\/logo\/image\/"}}]}},"_links":{"self":[{"href":"https:\/\/taxivalenciatransfer.com\/index.php\/wp-json\/wp\/v2\/pages\/2041","targetHints":{"allow":["GET"]}}],"collection":[{"href":"https:\/\/taxivalenciatransfer.com\/index.php\/wp-json\/wp\/v2\/pages"}],"about":[{"href":"https:\/\/taxivalenciatransfer.com\/index.php\/wp-json\/wp\/v2\/types\/page"}],"author":[{"embeddable":true,"href":"https:\/\/taxivalenciatransfer.com\/index.php\/wp-json\/wp\/v2\/users\/1"}],"replies":[{"embeddable":true,"href":"https:\/\/taxivalenciatransfer.com\/index.php\/wp-json\/wp\/v2\/comments?post=2041"}],"version-history":[{"count":5,"href":"https:\/\/taxivalenciatransfer.com\/index.php\/wp-json\/wp\/v2\/pages\/2041\/revisions"}],"predecessor-version":[{"id":2155,"href":"https:\/\/taxivalenciatransfer.com\/index.php\/wp-json\/wp\/v2\/pages\/2041\/revisions\/2155"}],"wp:attachment":[{"href":"https:\/\/taxivalenciatransfer.com\/index.php\/wp-json\/wp\/v2\/media?parent=2041"}],"curies":[{"name":"wp","href":"https:\/\/api.w.org\/{rel}","templated":true}]}}