{"id":140,"date":"2019-05-15T09:37:16","date_gmt":"2019-05-15T09:37:16","guid":{"rendered":"http:\/\/taxivalenciatransfer.com\/?page_id=140"},"modified":"2025-10-23T12:14:05","modified_gmt":"2025-10-23T10:14:05","slug":"taqs","status":"publish","type":"page","link":"https:\/\/taxivalenciatransfer.com\/index.php\/taqs\/","title":{"rendered":"FAQs"},"content":{"rendered":"<style>.elementor-140 .elementor-element.elementor-element-50c36f64{--display:flex;}<\/style>\t\t<div data-elementor-type=\"wp-page\" data-elementor-id=\"140\" class=\"elementor elementor-140\">\n\t\t\t\t<div class=\"elementor-element elementor-element-50c36f64 e-flex e-con-boxed e-con e-parent\" data-id=\"50c36f64\" data-element_type=\"container\">\n\t\t\t\t\t<div class=\"e-con-inner\">\n\t\t\t\t<div class=\"elementor-element elementor-element-204ff232 elementor-widget elementor-widget-text-editor\" data-id=\"204ff232\" data-element_type=\"widget\" data-widget_type=\"text-editor.default\">\n\t\t\t\t<div class=\"elementor-widget-container\">\n\t\t\t\t\t\t\t\t\t\n<p><br \/><br \/><br \/><br \/><br \/><span class=\"auto-style1\"><strong><span style=\"color: #339966;\">\u00bfQu\u00e9 sucede cuando hago una reserva?<\/span>\u00a0<\/strong><\/span><br \/>Cuando haya completado su reserva, le llegara un email con la confirmaci\u00f3n. Es por tanto necesario que proporcione la informaci\u00f3n correcta cuando haga la reserva, ya que el conductor no puede hacerse responsable de los errores en el servicio debido a informaci\u00f3n incorrecta proporcionada en el momento de hacer la reserva. Queda en usted verificar los detalles en el vale de reserva antes del viaje, y de informarnos inmediatamente si hay alg\u00fan error<\/p>\n<p><span class=\"auto-style1\" style=\"color: #339966;\"><strong>\u00bfQu\u00e9 incluye el precio?\u00a0<\/strong><\/span><br \/>El precio de un traslado incluye un viaje de ida para la ruta reservada, servicio puerta a puerta. Un traslado de ida y vuelta incluye tanto el viaje de llegada como el de partida para la ruta reservada. Nuestros servicios son todos privados con taxis, estos se pagan por veh\u00edculo.<br \/>Los asientos para ni\u00f1os, equipaje que entre en el porta equipajes\u00a0y esperas en el aeropuerto hasta de 1 hora queda incluido en el precio.<\/p>\n<p><span class=\"auto-style1\" style=\"color: #339966;\"><strong>Pago del servicio <\/strong><\/span><br \/>Los servicios se abonaran al conductor al finalizarlo. No tiene que realizar ning\u00fan desembolso al realizar la reserva con nosotros.<\/p>\n<p><span class=\"auto-style1\" style=\"color: #339966;\"><strong>Reservas con Beb\u00e9s y Ni\u00f1os<\/strong><\/span><br \/>Todos los beb\u00e9s (0-2 a\u00f1os) y ni\u00f1os (3-11 a\u00f1os) deben ser incluidos en la reserva para asegurar que se proporcione el veh\u00edculo y el espacio adecuado<br \/>. Si usted reserva un traslado privado desde el aeropuerto o para un trayecto interurbano, debe de utilizar una silla alta o asiento infantil para los que sean menores de 12, o midan hasta 135cm, por razones de seguridad.<br \/>Podemos asegurar asientos infantiles o sillas altas pre-reservados y esta opci\u00f3n est\u00e1 disponible como parte del proceso de reserva.<br \/>Si desea traer su propia silla alta o infantil, debemos ser avisados de esta informaci\u00f3n antes del viaje. Esto es para asegurarnos de que el veh\u00edculo provisto por el conductor pueda alojar el asiento. Si lleva su propio asiento, es su responsabilidad colocar el asiento en el veh\u00edculo, y no es responsabilidad del proveedor.<\/p>\n<p><span class=\"auto-style1\" style=\"color: #339966;\"><strong>\u00bfC\u00f3mo encuentro mi transporte?\u00a0<\/strong><\/span><br \/>Las instrucciones para encontrar su transporte de llegada se encuentran en el email de confirmaci\u00f3n que le enviaremos en el momento de reservar y que posteriormente puede imprimir.<br \/>Si, por alguna raz\u00f3n, usted no puede encontrar al chofer, llame al n\u00famero de tel\u00e9fono anotado en su vale de reserva.<br \/>Tenga en cuenta que no tiene que llamar para confirmar su llegada al aeropuerto. S\u00f3lo debe llamar si es conocedor de retrasos importantes en la salida de su vuelo.<\/p>\n<p><span class=\"auto-style1\" style=\"color: #339966;\"><strong>\u00bfY a la partida?<\/strong><\/span><br \/>Asegurese que reserva con la antelaci\u00f3n suficiente, por norma general la facturaci\u00f3n y check-in en el aeropuerto de Valencia es 1h antes para los vuelos nacionales y 2h antes para los vuelos internacionales.<br \/>En la reserva, debe de indicarnos la hora exacta en que quiere ser recogido, y es de su responsabilidad calcular los tiempos correctamente<br \/>El conductor no puede hacerse responsable por recogidas fallidas, porque el cliente no viaje con su vale de reserva. Este vale de reserva contiene la informaci\u00f3n relevante para permitirle a usted llamar y confirmar su reserva.<\/p>\n<p><span class=\"auto-style1\" style=\"color: #339966;\"><strong>Duraci\u00f3n del viaje<\/strong><\/span><br \/>Las horas de viaje indicadas en nuestro sitio web y en los vales de reserva son estimativas, y se aplican para un viaje en un d\u00eda normal. Es posible que estas horas var\u00eden seg\u00fan la hora del d\u00eda, trabajos en las calles, cierres o desv\u00edos en calles locales, volumen de tr\u00e1fico, festividades locales, etc.<\/p>\n<p><span class=\"auto-style1\" style=\"color: #339966;\"><strong>\u00bfCu\u00e1nto equipaje puedo llevar?<\/strong><\/span><br \/>El l\u00edmite por persona, para todos los tipos de veh\u00edculos, es una maleta est\u00e1ndar (aproximadamente 70cm de alto, 47cm de ancho y 21cm de profundidad), as\u00ed como una pieza peque\u00f1a de equipaje de mano. Tenga en cuenta que su equipaje de mano ser\u00e1 transportado en el veh\u00edculo con usted, de modo que debe tener un tama\u00f1o adecuado para esto.<br \/>Si usted viaja con exceso de equipaje, como maletas grandes, palos de golf, sillas de ruedas, skis, coches de ni\u00f1os, etc., es imperativo que nos lo haga saber en el momento de la reserva. Dejar de avisarnos puede dar como resultado que se necesite transporte extra para acomodar el exceso de equipaje, lo cual incurrir\u00e1 en cargos adicionales.<br \/>Tenga en cuenta que en algunas ocasiones, un veh\u00edculo con la capacidad de pasajeros completa con equipaje para cada pasajero puede necesitar ser reemplazado por un veh\u00edculos m\u00e1s grande. Para evitar cualquier complicaci\u00f3n a este respecto a su llegada, llame y clarifique sus necesidades cuando haga la reserva.<\/p>\n<p><span class=\"auto-style1\" style=\"color: #339966;\"><strong>\u00bfEs necesario dar propina al conductor?\u00a0<\/strong><\/span><br \/>El precio que se paga no incluye propinas . Esto queda enteramente a su discreci\u00f3n.<\/p>\n<p><span class=\"auto-style1\" style=\"color: #339966;\"><strong>\u00bfMe dejar\u00e1 y recoger\u00e1 el conductor en mi alojamiento?<\/strong><\/span><br \/>Nos esforzamos por realizar un servicio de puerta a puerta, hay ocasiones en que esto puede no ser posible, como en cierres de carreteras. Donde se apliquen estas restricciones, los conductores lo dejar\u00e1n y recoger\u00e1n del punto accesible m\u00e1s cercano. Tenga presente, sin embargo, que el conductor no ser\u00e1 responsable por el transporte de equipaje.<\/p>\n<p><span class=\"auto-style1\" style=\"color: #339966;\"><strong>\u00bfQu\u00e9 sucede si mis detalles de viaje cambian antes de la partida?\u00a0<\/strong><\/span><br \/>Si los detalles de su viaje cambian antes de la partida, simplemente ll\u00e1menos a +34644694901 o env\u00ede un correo electr\u00f3nico a info@taxivalenciatransfer.com con sus nuevos detalles y actualizaremos su reserva. Usted ser\u00e1 responsable por cualquier aumento en el precio si el nuevo viaje involucra una mayor distancia o tiempo, un tipo de veh\u00edculo diferente, lugar, cantidad de pasajeros, etc.<\/p>\n<p><span class=\"auto-style1\" style=\"color: #339966;\"><strong>\u00bfQu\u00e9 sucede si cancelo mi reserva?\u00a0<\/strong><\/span><br \/>Usted puede cancelar su reserva en cualquier momento por escrito con un correo electr\u00f3nico a info@taxivalenciatransfer.com. Se pueden aplicar cargos de cancelaci\u00f3n. La pol\u00edtica de cancelaci\u00f3n puede encontrarse en la secci\u00f3n &#8216;T\u00e9rminos y condiciones&#8217; de nuestro sitio web.<\/p>\n<p><span class=\"auto-style1\" style=\"color: #339966;\"><strong>\u00bfQu\u00e9 sucede si mi vuelo de salida est\u00e1 retrasado o se cancela?\u00a0<\/strong><\/span><br \/>Monitorizamos los vuelos, no obstante si su vuelo de salida sufre retrasos muy importantes o se cancela, llamenos al +34644694901. Si usted viaje en un vuelo de conexi\u00f3n, y el primer sector se retrasa o cancela, causando una subsiguiente retraso para su llegada a su destino final donde el traslado est\u00e1 reservado, entonces, en todos los casos, necesitar\u00e1 avisar de sus nuevos detalles. Esto es para asegurarnos que podamos reprogramar su transporte. En algunos destinos, pueden aplicarse cargos nocturnos. Si su nuevo horario de llegada cae en el periodo donde se aplican cargos nocturnos, entonces ser\u00e1 responsable de pagarlos. Dejar de avisar por vuelos cancelados o reprogramados\u2009puede resultar en que el transporte se proporcione seg\u00fan los detalles originales de la reserva. En este caso, no seremos responsables, y no se dar\u00e1 ning\u00fan reembolso.<\/p>\n<p><span class=\"auto-style1\"><strong><span style=\"color: #339966;\">\u00bfOfrecen ustedes traslados para pasajeros que est\u00e1n limitados a una silla de ruedas?<\/span>\u00a0<\/strong><\/span><br \/>No disponemos de veh\u00edculos adaptados en los que alg\u00fan pasajero deba de ir sentado en la silla de ruedas<\/p>\n<p><span class=\"auto-style1\" style=\"color: #339966;\"><strong>Seguro<\/strong><\/span><br \/>Recomendamos, que usted tenga una p\u00f3liza de seguro v\u00e1lido para la duraci\u00f3n del viaje. El seguro del conductor solo cubre las incidencias ocasionadas durante el transporte.<\/p>\n<p><span class=\"auto-style1\" style=\"color: #339966;\"><strong>Pol\u00edtica sobre comportamiento inadecuado\/alcoholizado y lenguaje abusivo<\/strong><\/span><br \/>El conductor se reserva el derecho de rechazar el traslado a cualquier persona que se crea est\u00e9 bajo la influencia de alcohol o drogas. M\u00e1s a\u00fan, cualquier persona cuyo comportamiento y\/o lenguaje se encuentre abusivo y pueda causar una amenaza u ofensa al conductor y a cualquier otro pasajero, o da\u00f1o al veh\u00edculo. No se dar\u00e1 reembolso por servicios no prestados debido a las razones mencionadas. Por cualquier da\u00f1o que se provoque a los veh\u00edculos, el individuo responsable deber\u00e1 pagar cualquier cargo incurrido al conductor.<\/p>\n<p><span class=\"auto-style1\" style=\"color: #339966;\"><strong>\u00bfCu\u00e1l es su pol\u00edtica sobre fumar?\u00a0<\/strong><\/span><br \/>Los proveedores tienen una pol\u00edtica de no fumar en todos los veh\u00edculos.<\/p>\n<p><span class=\"auto-style1\" style=\"color: #339966;\"><strong>\u00bfCu\u00e1l es su pol\u00edtica de quejas?\u00a0<\/strong><\/span><br \/>Nuestros &#8216;T\u00e9rminos y condiciones&#8217;, que est\u00e1n disponibles en nuestro sitio web, describen nuestro procedimiento de quejas.<br \/>Las quejas que surjan por dejar de seguir nuestros T\u00e9rminos y condiciones, como no viajar con su vale de reserva, dejar de confirmar el traslado por tel\u00e9fono o proporcionar informaci\u00f3n incorrecta, no ser\u00e1n consideradas.<br \/>En el caso de no poder encontrar al conductor, le pedimos que llame al tel\u00e9fono +34644694901 que encuentra en su confirmaci\u00f3n de reserva. Dejar de hacer esto puede resultar en que cualquier reclamo eventual sea no v\u00e1lido.<\/p>\n<p><span class=\"auto-style1\" style=\"color: #339966;\"><strong>\u00bfQu\u00e9 pasa si da\u00f1o o pierdo mi equipaje?\u00a0<\/strong><\/span><br \/>El contrato para este servicio es entre usted y el conductor. Como tal, no podemos aceptar responsabilidad por el da\u00f1o, p\u00e9rdida o robo de ning\u00fan equipaje o art\u00edculos personales en tr\u00e1nsito. Cualquier reclamo de compensaci\u00f3n por p\u00e9rdida, da\u00f1o o robo de art\u00edculos que resulten del uso del servicio debe hacerse al conductor del servicio, y est\u00e1r sujeto a las leyes y a la jurisdicci\u00f3n de Espa\u00f1a.<\/p>\n<p><span class=\"auto-style1\" style=\"color: #339966;\"><strong>\u00bfPuedo reservar un traslado con m\u00faltiples paradas?\u00a0<\/strong><\/span><br \/>S\u00ed. Si las paradas son todos centros tur\u00edsticos u hoteles, h\u00e1ganos saber cu\u00e1les son y avisaremos al conductor de las paradas adicionales requeridas. Si son direcciones privadas, necesitaremos la direcci\u00f3n completa. Tenga en cuenta que debe hacernos saber si estos detalles ser\u00e1n los mismos para las recogidas del viaje de vuelta. Pueden aplicarse cargos adicionales.<\/p>\n<p><span class=\"auto-style1\" style=\"color: #008000;\"><strong>\u00bfPuedo tener al mismo conductor tanto en mi viaje de salida como de entrada?\u00a0<\/strong><\/span><br \/>No podemos garantizar esto, pero nos alegrar\u00e1 contactar con el conductor para ver si esto es posible.<\/p>\n<p><span class=\"auto-style1\" style=\"color: #339966;\"><strong>\u00bfPuedo llevar animales en un traslado?<\/strong><\/span><br \/>Generalmente, permitimos animales en nuestros traslados, no obstante si quiere viajar con una mascota, ll\u00e1menos por tel\u00e9fono al +346644694901 y verificaremos con el conductor<\/p>\n<p><span class=\"auto-style1\" style=\"color: #339966;\"><strong>\u00bfHacen traslados de hotel a hotel?<\/strong><\/span><br \/>S\u00ed. Cont\u00e1ctenos para informarnos entre qu\u00e9 hoteles usted desea trasladarse.<\/p>\n<p><span class=\"auto-style1\" style=\"color: #339966;\"><strong>\u00bfPuede conseguirse un servicio de enlace hasta un destino que no est\u00e9 en el sitio web?\u00a0<\/strong><\/span><br \/>Si! Si no encuentra el destino en la web, envienos un correo para ofrecerle un presupuesto.<\/p>\t\t\t\t\t\t\t\t<\/div>\n\t\t\t\t<\/div>\n\t\t\t\t\t<\/div>\n\t\t\t\t<\/div>\n\t\t\t\t<\/div>\n\t\t\n\n<div class=\"kk-star-ratings kksr-auto kksr-align-left kksr-valign-bottom\"\n    data-payload='{&quot;align&quot;:&quot;left&quot;,&quot;id&quot;:&quot;140&quot;,&quot;slug&quot;:&quot;default&quot;,&quot;valign&quot;:&quot;bottom&quot;,&quot;ignore&quot;:&quot;&quot;,&quot;reference&quot;:&quot;auto&quot;,&quot;class&quot;:&quot;&quot;,&quot;count&quot;:&quot;10&quot;,&quot;legendonly&quot;:&quot;&quot;,&quot;readonly&quot;:&quot;&quot;,&quot;score&quot;:&quot;5&quot;,&quot;starsonly&quot;:&quot;&quot;,&quot;best&quot;:&quot;5&quot;,&quot;gap&quot;:&quot;4&quot;,&quot;greet&quot;:&quot;Rate this page&quot;,&quot;legend&quot;:&quot;5\\\/5 - (10 votos)&quot;,&quot;size&quot;:&quot;26&quot;,&quot;title&quot;:&quot;FAQs&quot;,&quot;width&quot;:&quot;148&quot;,&quot;_legend&quot;:&quot;{score}\\\/{best} - ({count} {votes})&quot;,&quot;font_factor&quot;:&quot;1.25&quot;}'>\n            \n<div class=\"kksr-stars\">\n    \n<div class=\"kksr-stars-inactive\">\n            <div class=\"kksr-star\" data-star=\"1\" style=\"padding-right: 4px\">\n            \n\n<div class=\"kksr-icon\" style=\"width: 26px; height: 26px;\"><\/div>\n        <\/div>\n            <div class=\"kksr-star\" data-star=\"2\" style=\"padding-right: 4px\">\n            \n\n<div class=\"kksr-icon\" style=\"width: 26px; height: 26px;\"><\/div>\n        <\/div>\n            <div class=\"kksr-star\" data-star=\"3\" style=\"padding-right: 4px\">\n            \n\n<div class=\"kksr-icon\" style=\"width: 26px; height: 26px;\"><\/div>\n        <\/div>\n            <div class=\"kksr-star\" data-star=\"4\" style=\"padding-right: 4px\">\n            \n\n<div class=\"kksr-icon\" style=\"width: 26px; height: 26px;\"><\/div>\n        <\/div>\n            <div class=\"kksr-star\" data-star=\"5\" style=\"padding-right: 4px\">\n            \n\n<div class=\"kksr-icon\" style=\"width: 26px; height: 26px;\"><\/div>\n        <\/div>\n    <\/div>\n    \n<div class=\"kksr-stars-active\" style=\"width: 148px;\">\n            <div class=\"kksr-star\" style=\"padding-right: 4px\">\n            \n\n<div class=\"kksr-icon\" style=\"width: 26px; height: 26px;\"><\/div>\n        <\/div>\n            <div class=\"kksr-star\" style=\"padding-right: 4px\">\n            \n\n<div class=\"kksr-icon\" style=\"width: 26px; height: 26px;\"><\/div>\n        <\/div>\n            <div class=\"kksr-star\" style=\"padding-right: 4px\">\n            \n\n<div class=\"kksr-icon\" style=\"width: 26px; height: 26px;\"><\/div>\n        <\/div>\n            <div class=\"kksr-star\" style=\"padding-right: 4px\">\n            \n\n<div class=\"kksr-icon\" style=\"width: 26px; height: 26px;\"><\/div>\n        <\/div>\n            <div class=\"kksr-star\" style=\"padding-right: 4px\">\n            \n\n<div class=\"kksr-icon\" style=\"width: 26px; height: 26px;\"><\/div>\n        <\/div>\n    <\/div>\n<\/div>\n                \n\n<div class=\"kksr-legend\" style=\"font-size: 20.8px;\">\n            5\/5 - (10 votos)    <\/div>\n    <\/div>\n","protected":false},"excerpt":{"rendered":"<p>\u00bfQu\u00e9 sucede cuando hago una reserva?\u00a0Cuando haya completado su reserva, le llegara un email con la confirmaci\u00f3n. Es por tanto necesario que proporcione la informaci\u00f3n correcta cuando haga la reserva, ya que el conductor no puede hacerse responsable de los errores en el servicio debido a informaci\u00f3n incorrecta proporcionada en el momento de hacer la &#8230; <a title=\"FAQs\" class=\"read-more\" href=\"https:\/\/taxivalenciatransfer.com\/index.php\/taqs\/\" aria-label=\"Leer m\u00e1s sobre FAQs\">Leer m\u00e1s<\/a><\/p>\n","protected":false},"author":1,"featured_media":0,"parent":0,"menu_order":0,"comment_status":"closed","ping_status":"closed","template":"","meta":{"_monsterinsights_skip_tracking":false,"_monsterinsights_sitenote_active":false,"_monsterinsights_sitenote_note":"","_monsterinsights_sitenote_category":0,"footnotes":""},"class_list":["post-140","page","type-page","status-publish"],"yoast_head":"<!-- This site is optimized with the Yoast SEO plugin v27.2 - https:\/\/yoast.com\/product\/yoast-seo-wordpress\/ -->\n<title>FAQs | TAXI VALENCIA TRANSFER<\/title>\n<meta name=\"robots\" content=\"index, follow, max-snippet:-1, max-image-preview:large, max-video-preview:-1\" \/>\n<link rel=\"canonical\" href=\"https:\/\/taxivalenciatransfer.com\/index.php\/taqs\/\" \/>\n<meta property=\"og:locale\" content=\"es_ES\" \/>\n<meta property=\"og:type\" content=\"article\" \/>\n<meta property=\"og:title\" content=\"FAQs | TAXI VALENCIA TRANSFER\" \/>\n<meta property=\"og:description\" content=\"\u00bfQu\u00e9 sucede cuando hago una reserva?\u00a0Cuando haya completado su reserva, le llegara un email con la confirmaci\u00f3n. Es por tanto necesario que proporcione la informaci\u00f3n correcta cuando haga la reserva, ya que el conductor no puede hacerse responsable de los errores en el servicio debido a informaci\u00f3n incorrecta proporcionada en el momento de hacer la ... Leer m\u00e1s\" \/>\n<meta property=\"og:url\" content=\"https:\/\/taxivalenciatransfer.com\/index.php\/taqs\/\" \/>\n<meta property=\"og:site_name\" content=\"TAXI VALENCIA TRANSFER\" \/>\n<meta property=\"article:modified_time\" content=\"2025-10-23T10:14:05+00:00\" \/>\n<meta name=\"twitter:card\" content=\"summary_large_image\" \/>\n<meta name=\"twitter:label1\" content=\"Tiempo de lectura\" \/>\n\t<meta name=\"twitter:data1\" content=\"8 minutos\" \/>\n<script type=\"application\/ld+json\" class=\"yoast-schema-graph\">{\"@context\":\"https:\/\/schema.org\",\"@graph\":[{\"@type\":\"WebPage\",\"@id\":\"https:\/\/taxivalenciatransfer.com\/index.php\/taqs\/\",\"url\":\"https:\/\/taxivalenciatransfer.com\/index.php\/taqs\/\",\"name\":\"FAQs | TAXI VALENCIA TRANSFER\",\"isPartOf\":{\"@id\":\"https:\/\/taxivalenciatransfer.com\/#website\"},\"datePublished\":\"2019-05-15T09:37:16+00:00\",\"dateModified\":\"2025-10-23T10:14:05+00:00\",\"breadcrumb\":{\"@id\":\"https:\/\/taxivalenciatransfer.com\/index.php\/taqs\/#breadcrumb\"},\"inLanguage\":\"es\",\"potentialAction\":[{\"@type\":\"ReadAction\",\"target\":[\"https:\/\/taxivalenciatransfer.com\/index.php\/taqs\/\"]}]},{\"@type\":\"BreadcrumbList\",\"@id\":\"https:\/\/taxivalenciatransfer.com\/index.php\/taqs\/#breadcrumb\",\"itemListElement\":[{\"@type\":\"ListItem\",\"position\":1,\"name\":\"Portada\",\"item\":\"https:\/\/taxivalenciatransfer.com\/\"},{\"@type\":\"ListItem\",\"position\":2,\"name\":\"FAQs\"}]},{\"@type\":\"WebSite\",\"@id\":\"https:\/\/taxivalenciatransfer.com\/#website\",\"url\":\"https:\/\/taxivalenciatransfer.com\/\",\"name\":\"TAXI VALENCIA TRANSFER\",\"description\":\"Taxi Valencia aeropuerto, traslados todos los destinos con grandes descuentos\",\"publisher\":{\"@id\":\"https:\/\/taxivalenciatransfer.com\/#organization\"},\"potentialAction\":[{\"@type\":\"SearchAction\",\"target\":{\"@type\":\"EntryPoint\",\"urlTemplate\":\"https:\/\/taxivalenciatransfer.com\/?s={search_term_string}\"},\"query-input\":{\"@type\":\"PropertyValueSpecification\",\"valueRequired\":true,\"valueName\":\"search_term_string\"}}],\"inLanguage\":\"es\"},{\"@type\":\"Organization\",\"@id\":\"https:\/\/taxivalenciatransfer.com\/#organization\",\"name\":\"TAXIVALENCIATRANSFER\",\"url\":\"https:\/\/taxivalenciatransfer.com\/\",\"logo\":{\"@type\":\"ImageObject\",\"inLanguage\":\"es\",\"@id\":\"https:\/\/taxivalenciatransfer.com\/#\/schema\/logo\/image\/\",\"url\":\"https:\/\/taxivalenciatransfer.com\/wp-content\/uploads\/2019\/03\/logo.png\",\"contentUrl\":\"https:\/\/taxivalenciatransfer.com\/wp-content\/uploads\/2019\/03\/logo.png\",\"width\":256,\"height\":256,\"caption\":\"TAXIVALENCIATRANSFER\"},\"image\":{\"@id\":\"https:\/\/taxivalenciatransfer.com\/#\/schema\/logo\/image\/\"}}]}<\/script>\n<!-- \/ Yoast SEO plugin. -->","yoast_head_json":{"title":"FAQs | TAXI VALENCIA TRANSFER","robots":{"index":"index","follow":"follow","max-snippet":"max-snippet:-1","max-image-preview":"max-image-preview:large","max-video-preview":"max-video-preview:-1"},"canonical":"https:\/\/taxivalenciatransfer.com\/index.php\/taqs\/","og_locale":"es_ES","og_type":"article","og_title":"FAQs | TAXI VALENCIA TRANSFER","og_description":"\u00bfQu\u00e9 sucede cuando hago una reserva?\u00a0Cuando haya completado su reserva, le llegara un email con la confirmaci\u00f3n. Es por tanto necesario que proporcione la informaci\u00f3n correcta cuando haga la reserva, ya que el conductor no puede hacerse responsable de los errores en el servicio debido a informaci\u00f3n incorrecta proporcionada en el momento de hacer la ... Leer m\u00e1s","og_url":"https:\/\/taxivalenciatransfer.com\/index.php\/taqs\/","og_site_name":"TAXI VALENCIA TRANSFER","article_modified_time":"2025-10-23T10:14:05+00:00","twitter_card":"summary_large_image","twitter_misc":{"Tiempo de lectura":"8 minutos"},"schema":{"@context":"https:\/\/schema.org","@graph":[{"@type":"WebPage","@id":"https:\/\/taxivalenciatransfer.com\/index.php\/taqs\/","url":"https:\/\/taxivalenciatransfer.com\/index.php\/taqs\/","name":"FAQs | TAXI VALENCIA TRANSFER","isPartOf":{"@id":"https:\/\/taxivalenciatransfer.com\/#website"},"datePublished":"2019-05-15T09:37:16+00:00","dateModified":"2025-10-23T10:14:05+00:00","breadcrumb":{"@id":"https:\/\/taxivalenciatransfer.com\/index.php\/taqs\/#breadcrumb"},"inLanguage":"es","potentialAction":[{"@type":"ReadAction","target":["https:\/\/taxivalenciatransfer.com\/index.php\/taqs\/"]}]},{"@type":"BreadcrumbList","@id":"https:\/\/taxivalenciatransfer.com\/index.php\/taqs\/#breadcrumb","itemListElement":[{"@type":"ListItem","position":1,"name":"Portada","item":"https:\/\/taxivalenciatransfer.com\/"},{"@type":"ListItem","position":2,"name":"FAQs"}]},{"@type":"WebSite","@id":"https:\/\/taxivalenciatransfer.com\/#website","url":"https:\/\/taxivalenciatransfer.com\/","name":"TAXI VALENCIA TRANSFER","description":"Taxi Valencia aeropuerto, traslados todos los destinos con grandes descuentos","publisher":{"@id":"https:\/\/taxivalenciatransfer.com\/#organization"},"potentialAction":[{"@type":"SearchAction","target":{"@type":"EntryPoint","urlTemplate":"https:\/\/taxivalenciatransfer.com\/?s={search_term_string}"},"query-input":{"@type":"PropertyValueSpecification","valueRequired":true,"valueName":"search_term_string"}}],"inLanguage":"es"},{"@type":"Organization","@id":"https:\/\/taxivalenciatransfer.com\/#organization","name":"TAXIVALENCIATRANSFER","url":"https:\/\/taxivalenciatransfer.com\/","logo":{"@type":"ImageObject","inLanguage":"es","@id":"https:\/\/taxivalenciatransfer.com\/#\/schema\/logo\/image\/","url":"https:\/\/taxivalenciatransfer.com\/wp-content\/uploads\/2019\/03\/logo.png","contentUrl":"https:\/\/taxivalenciatransfer.com\/wp-content\/uploads\/2019\/03\/logo.png","width":256,"height":256,"caption":"TAXIVALENCIATRANSFER"},"image":{"@id":"https:\/\/taxivalenciatransfer.com\/#\/schema\/logo\/image\/"}}]}},"_links":{"self":[{"href":"https:\/\/taxivalenciatransfer.com\/index.php\/wp-json\/wp\/v2\/pages\/140","targetHints":{"allow":["GET"]}}],"collection":[{"href":"https:\/\/taxivalenciatransfer.com\/index.php\/wp-json\/wp\/v2\/pages"}],"about":[{"href":"https:\/\/taxivalenciatransfer.com\/index.php\/wp-json\/wp\/v2\/types\/page"}],"author":[{"embeddable":true,"href":"https:\/\/taxivalenciatransfer.com\/index.php\/wp-json\/wp\/v2\/users\/1"}],"replies":[{"embeddable":true,"href":"https:\/\/taxivalenciatransfer.com\/index.php\/wp-json\/wp\/v2\/comments?post=140"}],"version-history":[{"count":8,"href":"https:\/\/taxivalenciatransfer.com\/index.php\/wp-json\/wp\/v2\/pages\/140\/revisions"}],"predecessor-version":[{"id":65904,"href":"https:\/\/taxivalenciatransfer.com\/index.php\/wp-json\/wp\/v2\/pages\/140\/revisions\/65904"}],"wp:attachment":[{"href":"https:\/\/taxivalenciatransfer.com\/index.php\/wp-json\/wp\/v2\/media?parent=140"}],"curies":[{"name":"wp","href":"https:\/\/api.w.org\/{rel}","templated":true}]}}